{"id":1664,"date":"2025-01-22T13:06:12","date_gmt":"2025-01-22T12:06:12","guid":{"rendered":"https:\/\/lagrangedeperbost.fr\/?page_id=1664"},"modified":"2025-01-22T13:33:25","modified_gmt":"2025-01-22T12:33:25","slug":"cgv","status":"publish","type":"page","link":"https:\/\/lagrangedeperbost.fr\/en\/cgv\/","title":{"rendered":"Conditions g\u00e9n\u00e9rales de ventes"},"content":{"rendered":"<h1 class=\"wp-block-heading\">Conditions g\u00e9n\u00e9rales de ventes<\/h1>\n\n\n\n<h3 class=\"wp-block-heading\"><strong>Article<\/strong><strong>1<\/strong><strong>:<\/strong><strong>&nbsp;<\/strong><\/h3>\n\n\n\n<p>Les conditions g\u00e9n\u00e9rales de vente pr\u00e9sent\u00e9es (d\u00e9sign\u00e9es \u00ab\u00a0CGV\u00a0\u00bb) sont propos\u00e9es par La Grange de Perbost :<\/p>\n\n\n\n<figure class=\"wp-block-table\"><table class=\"has-fixed-layout\"><tbody><tr><td>SIRET<\/td><td>TVA<\/td><td>EMAIL<\/td><\/tr><tr><td>98488586300014<\/td><td>FR62984885863<\/td><td>contact@lagrangedeperbost.fr<\/td><\/tr><\/tbody><\/table><\/figure>\n\n\n\n<p><\/p>\n\n\n\n<p>Le site comprend les produits, en provenance de l\u2019exploitation agricole, qu\u2019il est possible d\u2019acheter sur le dit site.<\/p>\n\n\n\n<p>Le site, contenant les CGV et l\u2019ensemble des conditions contractuelles&nbsp; de vente, est libre d\u2019acc\u00e8s, gratuit pour tout internaute&nbsp; et r\u00e9dig\u00e9 en langue fran\u00e7aise.<\/p>\n\n\n\n<p>Le client est l\u2019internaute particulier ou professionnel effectuant un achat de produits propos\u00e9s sur le site<\/p>\n\n\n\n<p>Si probl\u00e8me li\u00e9 \u00e0 une commande, contactez La Grange de Perbost par mail. Les clients int\u00e9ress\u00e9s par les produits propos\u00e9s \u00e0 la vente en ligne par La Grange de Perbost sont invit\u00e9s \u00e0 consulter ces CGV. Avant toute commande, les clients reconnaissent les avoir consult\u00e9es et les accepter int\u00e9gralement et sans r\u00e9serve.<\/p>\n\n\n\n<h3 class=\"wp-block-heading\"><strong>Article<\/strong><strong>2<\/strong><strong>:<\/strong><\/h3>\n\n\n\n<p>Les CGV sont opposables au client qui reconnait, en cochant la case pr\u00e9vue \u00e0 cet effet, en avoir eu connaissance et les avoir accept\u00e9es avant de passer commande.<\/p>\n\n\n\n<p>Le client reconnait la valeur de preuve des syst\u00e8mes d\u2019enregistrement automatique du vendeur et, sauf pour lui d\u2019apporter une preuve contraire, il renonce \u00e0 les contester en cas de litige.<\/p>\n\n\n\n<p>La s\u00e9curit\u00e9 du site apport\u00e9e par La Grange de Perbost rend confidentiel tous les \u00e9changes de donn\u00e9es avec les clients.<\/p>\n\n\n\n<p>La validation de la commande, par sa confirmation, vaut adh\u00e9sion par le client aux CGV en vigueur au jour de la commande dont une copie peut lui \u00eatre remise \u00e0 sa demande.<\/p>\n\n\n\n<p>La Grange de Perbost se r\u00e9serve le droit de modifier ses CGV \u00e0 tout moment.<\/p>\n\n\n\n<p>Les CGV applicables sont celles en vigueur \u00e0 la date de la commande par le client.<\/p>\n\n\n\n<p>La nullit\u00e9 d\u2019une clause contractuelle n\u2019entraine pas la nullit\u00e9 des CGV sauf, s\u2019il s\u2019agit d\u2019une cause d\u00e9terminante ayant amen\u00e9 l\u2019une des parties \u00e0 conclure le contrat de vente.<\/p>\n\n\n\n<p>L\u2019inapplication temporaire ou permanente d\u2019une ou plusieurs clauses des CGV par La Grange de Perbost ne saurait valoir renonciation par le vendeur aux autres clauses des CGV qui continuent \u00e0 produire leurs effets.\u00a0<\/p>\n\n\n\n<h3 class=\"wp-block-heading\"><strong>Article<\/strong><strong>3<\/strong><strong>:<\/strong><\/h3>\n\n\n\n<p>Le pr\u00e9sent site propose la vente en ligne de produits \u00e0 base de CBD\u00a0\u00ab\u00a0cannabidiol\u00bb. Tous ces produits sont issus de vari\u00e9t\u00e9s de chanvre cultiv\u00e9s en Ard\u00e8che (France) et contenant un taux de THC inf\u00e9rieur \u00e0 0,3%. Ces taux de THC ont \u00e9t\u00e9 valid\u00e9s apr\u00e8s analyse par un laboratoire ind\u00e9pendant de La Grange de Perbost : <a href=\"https:\/\/www.ianesco.fr\/analyse-de-cbd\/\" target=\"_blank\" rel=\"noopener nofollow\" title=\"\">IANESCO<\/a>.<\/p>\n\n\n\n<p>Chaque produit fait l\u2019objet d\u2019un descriptif mentionnant les caract\u00e9ristiques essentielles du produit. Les photographies des produits ne constituent pas un document contractuel.<\/p>\n\n\n\n<p>Les produits sont propos\u00e9s \u00e0 la vente et livr\u00e9s dans la mesure des stocks disponibles. En cas d\u2019indisponibilit\u00e9 du produit command\u00e9, La Grange de Perbost en informe imm\u00e9diatement le client et proc\u00e8de au remboursement de la commande dans un d\u00e9lai de 7 jours.\u00a0<\/p>\n\n\n\n<p>En dehors du remboursement du prix du produit indisponible, La Grange de Perbost n\u2019est tenu \u00e0 aucune indemnit\u00e9 d\u2019annulation.<\/p>\n\n\n\n<p>Les produits propos\u00e9s sur le site sont des produits de d\u00e9tente et de bien-\u00eatre qui aident \u00e0 lutter contre la douleur (articulaire, arthrose\u2026.), les probl\u00e8mes de sant\u00e9 (maux de t\u00eate\u2026). Ils facilitent la qualit\u00e9 du sommeil et l\u2019obtention de nuit calme. Ils ne sont pas des m\u00e9dicaments mais ont \u00e9t\u00e9 consid\u00e9r\u00e9s, en 2017, par Organisation Mondiale de la Sant\u00e9 comme des produits d\u2019aide \u00e0 la sant\u00e9.&nbsp;<\/p>\n\n\n\n<p>Le mode d\u2019utilisation du produit est mentionn\u00e9 soit sur l\u2019emballage soit sur le site de La Grange de Perbost. Dans tous les cas il doit \u00eatre connu du client au plus tard au moment de la livraison.\u00a0<\/p>\n\n\n\n<h3 class=\"wp-block-heading\"><strong>Article<\/strong><strong>4<\/strong><strong>:<\/strong><\/h3>\n\n\n\n<p>Les prix de vente de chacun des produits sont indiqu\u00e9s sur le site. Ils sont libell\u00e9s en euros toutes taxes comprises, hors frais de livraison et de transport.&nbsp;<\/p>\n\n\n\n<p>Les frais de livraison et de transport sont factur\u00e9s en suppl\u00e9ment du prix de vente. Ils sont mentionn\u00e9s sur le bon de commande.<br>Le montant total d\u00fb par le client figure sur la page de confirmation de la commande.<\/p>\n\n\n\n<p>En cas de prix promotionnel, La Grange de Perbost s\u2019engage \u00e0 l\u2019appliquer \u00e0 toute commande pass\u00e9e durant la p\u00e9riode concern\u00e9e par cette promotion.<\/p>\n\n\n\n<p>Asd\u00e8chanvre peut modifier ses prix \u00e0 tout moment, mais garantit au client l\u2019application du prix en vigueur le jour de la commande.<\/p>\n\n\n\n<p><strong>Article<\/strong><strong>5<\/strong><strong>:<\/strong><\/p>\n\n\n\n<p>Les offres de vente en ligne figurant sur le site de La Grange de Perbost sont r\u00e9serv\u00e9es aux clients r\u00e9sidant en France m\u00e9tropolitaine.<\/p>\n\n\n\n<p>Les offres de vente du site de La Grange de Perbost sont valables, \u00e0 d\u00e9faut de clauses et de dur\u00e9e particuli\u00e8res, dans la limite des stocks disponibles.<\/p>\n\n\n\n<p>L\u2019acceptation des CGV par le client suppose qu\u2019il jouisse de sa capacit\u00e9 juridique. Si tel n\u2019est pas le cas ou s\u2019il est mineur, il doit attester de l\u2019autorisation d\u2019un tuteur, d\u2019un curateur ou de son repr\u00e9sentant l\u00e9gal.<\/p>\n\n\n\n<p><strong>Article<\/strong><strong>6<\/strong><strong>:<\/strong><\/p>\n\n\n\n<p>Avant de passer commande sur le site, le client peut cr\u00e9er un compte client.<\/p>\n\n\n\n<p>Pour cela, il doit remplir les informations le concernant dans le formulaire de la rubrique \u00ab&nbsp;mon compte\u00bb. Il s\u2019engage \u00e0 donner des informations exactes et \u00e0 ne pas usurper l\u2019identit\u00e9 d\u2019un tiers ni \u00e0 modifier son \u00e2ge.<\/p>\n\n\n\n<p>Le client indique notamment son adresse email&nbsp; et choisit un mot de passe qui lui serviront pour s\u2019identifier ult\u00e9rieurement sur le site. L\u2019identifiant et le mot de passe sont strictement personnels et le client ne doit pas les divulguer \u00e0 un tiers. Ce mot de passe constitue la garantie de la confidentialit\u00e9 des informations contenues dans la rubrique \u00ab&nbsp;mon compte\u00bb. Le client est enti\u00e8rement responsable de la protection du mot de passe qu\u2019il a choisi. Il est conseill\u00e9 de choisir un mot de passe complexe. En cas d\u2019oubli, il peut en g\u00e9n\u00e9rer un nouveau.&nbsp;<\/p>\n\n\n\n<p>Le compte client permet \u00e0 chaque client de consulter toutes ses commandes effectu\u00e9es sur le site.<\/p>\n\n\n\n<h3 class=\"wp-block-heading\"><strong>Article<\/strong><strong>7<\/strong><strong>:<\/strong><\/h3>\n\n\n\n<p>Pour passer commande, le client doit avoir s\u00e9lectionn\u00e9 le ou les produits qu\u2019il veut acheter. Il remplit son panier virtuel en indiquant sa s\u00e9lection et la quantit\u00e9 souhait\u00e9e et clique ensuite sur le bouton \u00abconfirmation de commande\u00bb. Il fournit enfin les informations relatives \u00e0 la livraison et au mode de paiement.<\/p>\n\n\n\n<p>Avant cette phase de confirmation, le client peut v\u00e9rifier le d\u00e9tail de sa commande et son prix total. Il peut revenir \u00e0 son panier virtuel pour \u00e9ventuellement modifier sa commande ou corriger des erreurs.<\/p>\n\n\n\n<p>Le contrat de vente n\u2019est d\u00e9finitif que lorsque le client a confirm\u00e9 sa commande et en a fait l\u2019envoi.<\/p>\n\n\n\n<p>Toute modification de commande apr\u00e8s confirmation et envoi au vendeur est soumise \u00e0 l\u2019acceptation de ce dernier.<\/p>\n\n\n\n<p>Un courrier \u00e9lectronique accusant r\u00e9ception de la commande et son paiement est envoy\u00e9 par La Grange de Perbost dans les meilleurs d\u00e9lais.<\/p>\n\n\n\n<h3 class=\"wp-block-heading\"><strong>Article<\/strong><strong>8<\/strong><strong>:<\/strong><\/h3>\n\n\n\n<p>Les bons de commande et les factures sont archiv\u00e9s sur un support durable et fiable afin d\u2019\u00eatre produit, si n\u00e9cessaire, \u00e0 titre de preuve de contrat.<\/p>\n\n\n\n<h3 class=\"wp-block-heading\"><strong>Article<\/strong><strong>9<\/strong>:<\/h3>\n\n\n\n<p>Le paiement des produits est exigible en totalit\u00e9 lors de la confirmation de la commande.<\/p>\n\n\n\n<p>Le paiement s\u2019effectue en ligne par carte bancaire ou par virement bancaire.<\/p>\n\n\n\n<p>Les paiements par carte bancaire se font au moyen de transactions s\u00e9curis\u00e9es fournies par le prestataire de paiement en ligne : <a href=\"https:\/\/squareup.com\/fr\/fr\" target=\"_blank\" rel=\"noopener nofollow\" title=\"Square\">Square<\/a>. Le pr\u00e9sent site n\u2019a acc\u00e8s \u00e0 aucune donn\u00e9e relative aux moyens de paiement du client. Le paiement est effectu\u00e9 directement aupr\u00e8s de la banque ou du prestataire de paiement recevant le paiement du client.<\/p>\n\n\n\n<p>Pour les paiements par virement bancaire, m&rsquo;envois de la commande se fait apr\u00e8s r\u00e9ception du virement. \u00a0 \u00a0 \u00a0<\/p>\n\n\n\n<h3 class=\"wp-block-heading\"><strong>Article<\/strong><strong>10<\/strong><strong>:<\/strong><\/h3>\n\n\n\n<p>La Grange de Perbost livre les commandes en France m\u00e9tropolitaine. Les produits sont livr\u00e9s \u00e0 l\u2019adresse indiqu\u00e9e par le client sur le bon de commande. Selon la taille de l\u2019envoi, la livraison est effectu\u00e9e par\u00a0: lettre avec suivi ou colissimo.<\/p>\n\n\n\n<p>Le produit qui est livr\u00e9 au client voyage aux risques et p\u00e9rils du vendeur.<\/p>\n\n\n\n<p>A partir de la livraison effective, la propri\u00e9t\u00e9 du produit est transf\u00e9r\u00e9e au client.<\/p>\n\n\n\n<p>Lors de la livraison du produit, le client doit v\u00e9rifier, en pr\u00e9sence du livreur, l\u2019\u00e9tat du produit et \u00e9mettre des r\u00e9serves si le produit n\u2019est pas conforme \u00e0 la commande. Dans ce cas, le client doit adresser une r\u00e9clamation au vendeur et demander soit le remplacement du produit soit l\u2019annulation de la vente et son remboursement.<\/p>\n\n\n\n<p>Si le produit est mis \u00e0 disposition dans un point relais, le client dispose, \u00e0 compter de l\u2019avis de mise \u00e0 disposition, de 15 jours pour le retirer.<\/p>\n\n\n\n<p>En cas de non retrait par le client dans les d\u00e9lais impartis, La Grange de Perbost peut proc\u00e9der au retirement et r\u00e9soudre de plein droit la commande. Dans ce cas les frais de livraison ne seront pas rembours\u00e9s et les \u00e9ventuels frais de retour seront factur\u00e9s au client.\u00a0<\/p>\n\n\n\n<p>L\u2019engagement du d\u00e9lai maximum de livraison par La Grange de Perbost est de 15 jours ouvrables en France m\u00e9tropolitaine.<\/p>\n\n\n\n<p>Les frais de livraison sont \u00e0 la charge du client. Ils sont pr\u00e9cis\u00e9s lors de la commande et int\u00e9gr\u00e9s dans le co\u00fbt total de la commande. Ces frais peuvent \u00eatre offerts par La Grange de Perbost selon les informations donn\u00e9es sur le site.<\/p>\n\n\n\n<p>Si la livraison n\u2019est pas effective dans les 30 jours suivants la date de commande en ligne, le client peut demander \u00e0 \u00eatre rembours\u00e9 dans un d\u00e9lai de 30 jours.<\/p>\n\n\n\n<p>Si un d\u00e9faut total de livraison se produit, cela entraine de plein droit la r\u00e9solution de la vente et le remboursement au client du prix pay\u00e9 y compris les frais de livraison.&nbsp;<\/p>\n\n\n\n<h3 class=\"wp-block-heading\">Article<strong>11:<\/strong><\/h3>\n\n\n\n<p>Tous les produits fournis par La Grange de Perbost b\u00e9n\u00e9ficient de la\u00a0 garantie de conformit\u00e9 pr\u00e9vue dans le code de la consommation et ses articles 217-4 et suivants. Ils b\u00e9n\u00e9ficient \u00e9galement de la garantie sur les vices cach\u00e9s pr\u00e9vue dans le code civil. Si le client r\u00e9side dans un Etat membre de l\u2019Union Europ\u00e9enne, les garanties des biens de consommation que lui accorde son droit national sont applicables.\u00a0<\/p>\n\n\n\n<p>Par contre, la responsabilit\u00e9 de La Grange de Perbost ne peut \u00eatre engag\u00e9e pour non-conformit\u00e9 du produit \u00e0 la l\u00e9gislation du pays du client. Il appartient \u00e0 ce dernier\u00a0 de v\u00e9rifier si le produit n\u2019est pas interdit dans son pays.\u00a0<\/p>\n\n\n\n<p>Si le produit vendu pr\u00e9sente des d\u00e9fauts qui le rendent impropre \u00e0 l\u2019usage auquel il est destin\u00e9 ou s\u2019ils diminuent tellement cet usage, le client peut choisir entre la r\u00e9solution de la vente ou une r\u00e9duction du prix de vente.<\/p>\n\n\n\n<p>En cas de non-conformit\u00e9 du produit vendu, il pourra \u00eatre retourn\u00e9 au vendeur qui proc\u00e9dera \u00e0 son \u00e9change. En cas d\u2019impossibilit\u00e9 d\u2019\u00e9change (produit obsol\u00e8te, rupture de stock, etc.\u2026.) le client sera rembours\u00e9 du montant de sa commande. Les frais de la proc\u00e9dure d\u2019\u00e9change ou de remboursement, notamment les frais de retour du produit sont \u00e0 la charge du vendeur. &nbsp;<\/p>\n\n\n\n<p>Conform\u00e9ment \u00e0 l\u2019article 217-9 du code de la consommation&nbsp;:&nbsp;\u00aben cas de d\u00e9faut de conformit\u00e9 l\u2019acheteur choisit entre la r\u00e9paration et le remplacement du produit. Toutefois, le vendeur peut ne pas proc\u00e9der selon le choix de l\u2019acheteur si ce choix entraine manifestement un co\u00fbt disproportionn\u00e9 au regard de l\u2019autre modalit\u00e9, compte tenu de la valeur du bien ou de l\u2019importance du d\u00e9faut. Il est alors tenu de proc\u00e9der, sauf impossibilit\u00e9, selon la modalit\u00e9 non choisie par l\u2019acheteur\u00bb.&nbsp;<\/p>\n\n\n\n<h3 class=\"wp-block-heading\"><strong>Article<\/strong><strong>12<\/strong><strong>:<\/strong><\/h3>\n\n\n\n<p>Conform\u00e9ment au code de la consommation, le client dispose d\u2019un d\u00e9lai de 14 jours&nbsp; \u00e0 compter de la r\u00e9ception des articles command\u00e9s pour exercer son droit de r\u00e9tractation sans avoir \u00e0 justifier des motifs ou payer des p\u00e9nalit\u00e9s.<\/p>\n\n\n\n<p>Pour exercer son droit de r\u00e9tractation, le client doit communiquer le formulaire de r\u00e9tractation ou un courriel contenant son nom, pr\u00e9nom, adresse et num\u00e9ro de commande et indiquer sans ambigu\u00eft\u00e9 qu\u2019il exerce son droit \u00e0 r\u00e9tractation \u00e0 l\u2019adresse mail suivante\u00a0:\u00a0<a href=\"mailto:ardechanvre@gmail.com\">c<\/a><a href=\"mailto:contact@lagrangedeperbost.fr\" title=\"\">ontact@lagrangedeperbost.fr<\/a>.<\/p>\n\n\n\n<p>Exemple\u00a0: <\/p>\n\n\n\n<blockquote class=\"wp-block-quote is-layout-flow wp-block-quote-is-layout-flow\">\n<p>N\u00b0 de commande\u00a0:<\/p>\n\n\n\n<p>Je vous notifie, par ce courriel, ma r\u00e9tractation du contrat portant sur le produit command\u00e9 le\u2026\u2026.. et re\u00e7u le\u2026\u2026<\/p>\n\n\n\n<p>Pr\u00e9nom et nom du client<\/p>\n\n\n\n<p>Date<\/p>\n\n\n\n<p>Signature<\/p>\n<\/blockquote>\n\n\n\n<p>Les frais de retour du produit command\u00e9 et livr\u00e9 sont \u00e0 la charge du client.<\/p>\n\n\n\n<p>Le produit est \u00e0 renvoyer \u00e0 l\u2019adresse qui sera pr\u00e9cis\u00e9e dans le mail.<\/p>\n\n\n\n<p>Le produit retourn\u00e9 doit \u00eatre neuf, dans son int\u00e9gralit\u00e9 et si possible dans la boite d\u2019origine. Tout produit retourn\u00e9 sali ou endommag\u00e9 ne sera pas repris.<\/p>\n\n\n\n<p>Le retour ne doit \u00eatre fait qu\u2019apr\u00e8s confirmation de la r\u00e9ception de la r\u00e9clamation ou de la r\u00e9tractation par La Grange de Perbost. \u00a0<\/p>\n\n\n\n<p>A compter du jour de r\u00e9ception de la commande retourn\u00e9e, La Grange de Perbost remboursera, dans un d\u00e9lai de 15 jours, l\u2019int\u00e9gralit\u00e9 du montant de la commande au prix factur\u00e9 exception faite des frais de livraison. Ce remboursement se fera par le m\u00eame moyen de paiement que celui utilis\u00e9 lors de la transaction initiale.<\/p>\n\n\n\n<h3 class=\"wp-block-heading\"><strong>Article<\/strong><strong>13<\/strong><strong>:<\/strong><\/h3>\n\n\n\n<p>En cas de litige, le client doit faire une r\u00e9clamation amiable aupr\u00e8s de La Grange de Perbost par courriel \u00e0 l\u2019adresse suivante\u00a0: contact@lagrangedeperbost.fr.<\/p>\n\n\n\n<p>Les demandes de r\u00e8glement amiable ne suspendent pas les d\u00e9lais ouverts pour intenter une action en justice. La juridiction du lieu du domicile de La Grange de Perbost est comp\u00e9tente pour instruire toute action judiciaire relative \u00e0 l\u2019ex\u00e9cution des CGV du pr\u00e9sent site.<\/p>\n\n\n\n<p>Apr\u00e8s la r\u00e9clamation amiable et avant le recours \u00e0 l\u2019action judiciaire, il peut \u00eatre fait appel \u00e0 un m\u00e9diateur de la consommation en application de l\u2019article L 612-1 du code de la consommation.<\/p>\n\n\n\n<p>La m\u00e9diation n\u2019est pas obligatoire.&nbsp;<\/p>\n\n\n\n<h3 class=\"wp-block-heading\"><strong>Article<\/strong><strong>14<\/strong><strong>:<\/strong><\/h3>\n\n\n\n<p>Le service client\u00e8le du site est accessible par courriel \u00e0 l\u2019adresse suivante\u00a0: contact@lagrangedeperbost.fr<\/p>\n\n\n\n<h3 class=\"wp-block-heading\"><strong>Article<\/strong><strong>15<\/strong><strong>:<\/strong><\/h3>\n\n\n\n<p>Tous les \u00e9l\u00e9ments du site ainsi que le logo et les signes distinctifs de La Grange de Perbost sont prot\u00e9g\u00e9s par le code de la propri\u00e9t\u00e9 intellectuelle. Toute reproduction de ces \u00e9l\u00e9ments est donc interdite.<\/p>\n\n\n\n<h3 class=\"wp-block-heading\"><strong>Article16<\/strong><strong>:<\/strong><\/h3>\n\n\n\n<p>Il peut arriver qu\u2019en cas de force majeure, La Grange de Perbost ne puisse ex\u00e9cuter totalement ou partiellement ses\u00a0 obligations contractuelles pr\u00e9cis\u00e9es dans les pr\u00e9sentes CGV.<strong>\u00a0<\/strong><\/p>\n\n\n\n<p>Si un tel cas survenait, La Grange de Perbost s\u2019engage, dans les plus brefs d\u00e9lais, \u00e0 informer le ou les clients de cette situation exceptionnelle et impr\u00e9visible.<\/p>\n\n\n\n<p>Dans le cas de force majeure, La Grange de Perbost suspendra totalement ou partiellement ses obligations contractuelles.<\/p>","protected":false},"excerpt":{"rendered":"<p>Conditions g\u00e9n\u00e9rales de ventes Article1:&nbsp; Les conditions g\u00e9n\u00e9rales de vente pr\u00e9sent\u00e9es (d\u00e9sign\u00e9es \u00ab\u00a0CGV\u00a0\u00bb) sont propos\u00e9es par La Grange de Perbost : SIRET TVA EMAIL 98488586300014 FR62984885863 contact@lagrangedeperbost.fr Le site comprend les produits, en provenance de l\u2019exploitation agricole, qu\u2019il est possible d\u2019acheter sur le dit site. Le site, contenant les CGV et l\u2019ensemble des conditions contractuelles&nbsp; [&hellip;]<\/p>","protected":false},"author":1,"featured_media":0,"parent":0,"menu_order":0,"comment_status":"closed","ping_status":"closed","template":"","meta":{"inline_featured_image":false,"footnotes":""},"class_list":["post-1664","page","type-page","status-publish","hentry"],"_links":{"self":[{"href":"https:\/\/lagrangedeperbost.fr\/en\/wp-json\/wp\/v2\/pages\/1664","targetHints":{"allow":["GET"]}}],"collection":[{"href":"https:\/\/lagrangedeperbost.fr\/en\/wp-json\/wp\/v2\/pages"}],"about":[{"href":"https:\/\/lagrangedeperbost.fr\/en\/wp-json\/wp\/v2\/types\/page"}],"author":[{"embeddable":true,"href":"https:\/\/lagrangedeperbost.fr\/en\/wp-json\/wp\/v2\/users\/1"}],"replies":[{"embeddable":true,"href":"https:\/\/lagrangedeperbost.fr\/en\/wp-json\/wp\/v2\/comments?post=1664"}],"version-history":[{"count":1,"href":"https:\/\/lagrangedeperbost.fr\/en\/wp-json\/wp\/v2\/pages\/1664\/revisions"}],"predecessor-version":[{"id":1665,"href":"https:\/\/lagrangedeperbost.fr\/en\/wp-json\/wp\/v2\/pages\/1664\/revisions\/1665"}],"wp:attachment":[{"href":"https:\/\/lagrangedeperbost.fr\/en\/wp-json\/wp\/v2\/media?parent=1664"}],"curies":[{"name":"wp","href":"https:\/\/api.w.org\/{rel}","templated":true}]}}