{"id":1713,"date":"2025-01-28T12:36:05","date_gmt":"2025-01-28T11:36:05","guid":{"rendered":"https:\/\/lagrangedeperbost.fr\/?page_id=1713"},"modified":"2025-01-28T13:01:31","modified_gmt":"2025-01-28T12:01:31","slug":"saint-valentin","status":"publish","type":"page","link":"https:\/\/lagrangedeperbost.fr\/en\/saint-valentin\/","title":{"rendered":"Pack saint-Valentin"},"content":{"rendered":"<div data-elementor-type=\"wp-page\" data-elementor-id=\"1713\" class=\"elementor elementor-1713\">\n\t\t\t\t\t\t<section class=\"elementor-section elementor-top-section elementor-element elementor-element-510fba14 elementor-section-boxed elementor-section-height-default elementor-section-height-default\" data-id=\"510fba14\" data-element_type=\"section\" data-settings=\"{&quot;background_background&quot;:&quot;classic&quot;}\">\n\t\t\t\t\t\t\t<div class=\"elementor-background-overlay\"><\/div>\n\t\t\t\t\t\t\t<div class=\"elementor-container elementor-column-gap-no\">\n\t\t\t\t\t<div class=\"aux-parallax-section elementor-column elementor-col-100 elementor-top-column elementor-element elementor-element-196cfc82\" data-id=\"196cfc82\" data-element_type=\"column\">\n\t\t\t<div class=\"elementor-widget-wrap elementor-element-populated\">\n\t\t\t\t\t\t<div class=\"elementor-element elementor-element-67d91036 aux-appear-watch-animation aux-scale-down elementor-widget elementor-widget-aux_modern_heading\" data-id=\"67d91036\" data-element_type=\"widget\" data-widget_type=\"aux_modern_heading.default\">\n\t\t\t\t\t<section class=\"aux-widget-modern-heading\">\n            <div class=\"aux-widget-inner\"><h2 class=\"aux-modern-heading-primary\">Pack Saint-Valentin<\/h2><div class=\"aux-modern-heading-description\"><p>2 Chocolats Chauds + 3g de Fleurs de CBD <br \/>- Livraison Gratuite -<\/p><\/div><\/div>\n        <\/section>\t\t\t\t<\/div>\n\t\t\t\t<div class=\"elementor-element elementor-element-6cdfccb elementor-widget__width-auto aux-appear-watch-animation aux-fade-in-down elementor-widget elementor-widget-aux_modern_button\" data-id=\"6cdfccb\" data-element_type=\"widget\" data-widget_type=\"aux_modern_button.default\">\n\t\t\t\t\t    <div class=\"aux-modern-button-wrapper aux-modern-button-align-center\" >\n                    <a class=\"aux-modern-button aux-black aux-modern-button-md aux-modern-button-normal aux-modern-button-default aux-icon-\" href=\"https:\/\/lagrangedeperbost.fr\/en\/product\/pack-saint-valentin\/\">\n                <div class=\"aux-overlay\"><\/div>\n                                    <div class=\"aux-icon\">\n                                            <\/div>\n                                <div class=\"aux-text\">\n<span class=\"aux-text-before\">Commander<\/span>                <\/div>\n            <\/a>\n            \n    <\/div>\n\n    \t\t\t\t<\/div>\n\t\t\t\t\t<\/div>\n\t\t<\/div>\n\t\t\t\t\t<\/div>\n\t\t<\/section>\n\t\t\t\t<section class=\"elementor-section elementor-top-section elementor-element elementor-element-2177850 elementor-section-boxed elementor-section-height-default elementor-section-height-default\" data-id=\"2177850\" data-element_type=\"section\">\n\t\t\t\t\t\t<div class=\"elementor-container elementor-column-gap-default\">\n\t\t\t\t\t<div class=\"aux-parallax-section elementor-column elementor-col-100 elementor-top-column elementor-element elementor-element-f1ef221\" data-id=\"f1ef221\" data-element_type=\"column\">\n\t\t\t<div class=\"elementor-widget-wrap elementor-element-populated\">\n\t\t\t\t\t\t<section class=\"elementor-section elementor-inner-section elementor-element elementor-element-6a09679 elementor-section-height-default elementor-section-boxed elementor-section-height-default\" data-id=\"6a09679\" data-element_type=\"section\">\n\t\t\t\t\t\t<div class=\"elementor-container elementor-column-gap-no\">\n\t\t\t\t\t<div class=\"aux-parallax-section elementor-column elementor-col-33 elementor-top-column elementor-element elementor-element-34243cf\" data-id=\"34243cf\" data-element_type=\"column\">\n\t\t\t<div class=\"elementor-widget-wrap elementor-element-populated\">\n\t\t\t\t\t\t<div class=\"elementor-element elementor-element-a3f503f aux-appear-watch-animation aux-fade-in-right-1 elementor-widget elementor-widget-heading\" data-id=\"a3f503f\" data-element_type=\"widget\" data-widget_type=\"heading.default\">\n\t\t\t\t\t<h5 class=\"elementor-heading-title elementor-size-default\">Pack Saint-Valentin<\/h5>\t\t\t\t<\/div>\n\t\t\t\t<div class=\"elementor-element elementor-element-ea56f4f title aux-appear-watch-animation aux-fade-in-up elementor-widget elementor-widget-aux_modern_heading\" data-id=\"ea56f4f\" data-element_type=\"widget\" data-widget_type=\"aux_modern_heading.default\">\n\t\t\t\t\t<section class=\"aux-widget-modern-heading\">\n            <div class=\"aux-widget-inner\"><h2 class=\"aux-modern-heading-primary\">Offrez-vous et \u00e0 votre moiti\u00e9 un moment de d\u00e9tente au CBD<\/h2><div class=\"aux-modern-heading-description\"><p>Notre pack Saint-Valentin comprend <strong>2 fioles <\/strong>de chocolats chauds au CBD et<strong> 3g de fleurs de CBD Northwest<\/strong>.<\/p><p>Chaque fiole est pr\u00e9vue pour faire <strong>une tasse de chocolat chaud au CBD de 250ml<\/strong>. Il vous suffira d'ajouter le contenu des 2 fioles dans le lait de votre choix (lait entier ou lait v\u00e9g\u00e9tal d'ol\u00e9agineux) : <a href=\"https:\/\/lagrangedeperbost.fr\/en\/saint-valentin\/#recette\">Voir la recette compl\u00e8te<\/a><strong>.<\/strong><\/p><p><strong>Livraison est gratuite<\/strong> jusqu'au 14 f\u00e9vrier !<\/p><\/div><\/div>\n        <\/section>\t\t\t\t<\/div>\n\t\t\t\t<div class=\"elementor-element elementor-element-0ac1419 elementor-widget__width-auto aux-appear-watch-animation aux-fade-in-down elementor-widget elementor-widget-aux_modern_button\" data-id=\"0ac1419\" data-element_type=\"widget\" data-widget_type=\"aux_modern_button.default\">\n\t\t\t\t\t    <div class=\"aux-modern-button-wrapper aux-modern-button-align-center\" >\n                    <a class=\"aux-modern-button aux-black aux-modern-button-md aux-modern-button-normal aux-modern-button-default aux-icon-\" href=\"https:\/\/lagrangedeperbost.fr\/en\/product\/pack-saint-valentin\/\">\n                <div class=\"aux-overlay\"><\/div>\n                                    <div class=\"aux-icon\">\n                                            <\/div>\n                                <div class=\"aux-text\">\n<span class=\"aux-text-before\">Commander<\/span>                <\/div>\n            <\/a>\n            \n    <\/div>\n\n    \t\t\t\t<\/div>\n\t\t\t\t\t<\/div>\n\t\t<\/div>\n\t\t\t\t<div class=\"aux-parallax-section elementor-column elementor-col-33 elementor-inner-column elementor-element elementor-element-4e0a236\" data-id=\"4e0a236\" data-element_type=\"column\">\n\t\t\t<div class=\"elementor-widget-wrap elementor-element-populated\">\n\t\t\t\t\t\t<div class=\"aux-scroll-anim elementor-element elementor-element-6c2dbd8 elementor-widget elementor-widget-aux_image\" data-move-in=\"moveVertical\" data-move-out=\"moveVertical\" data-axis-x=\"40\" data-axis-y=\"-40\" data-rotate=\"90\" data-scale=\"1\" data-vp-top=\"0.5\" data-vp-bot=\"0.5\" data-el-top=\"0.2\" data-scroll-animation-off=\"1024\" data-id=\"6c2dbd8\" data-element_type=\"widget\" data-widget_type=\"aux_image.default\">\n\t\t\t\t\t<section class=\"widget-container aux-widget-image aux-alignnone aux-parent-aub5821955\">\n    <div class=\"aux-media-hint-frame\">\n        <div class=\"aux-media-image\" >\n        \n            \n\n            \n            <img fetchpriority=\"high\" decoding=\"async\" width=\"1024\" height=\"1024\" src=\"https:\/\/lagrangedeperbost.fr\/wp-content\/uploads\/2025\/01\/fleurs-de-CBD-Northwest-e1736959946436-png-1024x1024.avif\" class=\"aux-attachment aux-featured-image aux-attachment-id-1488\" alt=\"fleurs de CBD Northwest\" srcset=\"https:\/\/lagrangedeperbost.fr\/wp-content\/uploads\/2025\/01\/fleurs-de-CBD-Northwest-e1736959946436-png-150x150.avif 150w,https:\/\/lagrangedeperbost.fr\/wp-content\/uploads\/2025\/01\/fleurs-de-CBD-Northwest-e1736959946436-png-300x300.avif 300w,https:\/\/lagrangedeperbost.fr\/wp-content\/uploads\/2025\/01\/fleurs-de-CBD-Northwest-e1736959946436-png-768x768.avif 768w,https:\/\/lagrangedeperbost.fr\/wp-content\/uploads\/2025\/01\/fleurs-de-CBD-Northwest-e1736959946436-png-1024x1024.avif 1024w,https:\/\/lagrangedeperbost.fr\/wp-content\/uploads\/2025\/01\/fleurs-de-CBD-Northwest-e1736959946436-png-1024x1024.avif 1024w\" data-ratio=\"1\" data-original-w=\"2560\" sizes=\"(max-width:479px) 480px,(max-width:767px) 768px,(max-width:1023px) 1024px,1024px\" \/>            \n                <\/div>\n    <\/div>\n\n<\/section><!-- widget-container -->\t\t\t\t<\/div>\n\t\t\t\t\t<\/div>\n\t\t<\/div>\n\t\t\t\t<div class=\"aux-parallax-section elementor-column elementor-col-33 elementor-inner-column elementor-element elementor-element-1b52fd4\" data-id=\"1b52fd4\" data-element_type=\"column\">\n\t\t\t<div class=\"elementor-widget-wrap elementor-element-populated\">\n\t\t\t\t\t\t<div class=\"aux-scroll-anim elementor-element elementor-element-e0087d5 elementor-widget elementor-widget-aux_image\" data-move-in=\"moveVertical\" data-move-out=\"moveVertical\" data-axis-x=\"200\" data-axis-y=\"40\" data-rotate=\"90\" data-scale=\"1\" data-vp-top=\"0.5\" data-vp-bot=\"0.5\" data-el-top=\"0.2\" data-scroll-animation-off=\"1024\" data-id=\"e0087d5\" data-element_type=\"widget\" data-widget_type=\"aux_image.default\">\n\t\t\t\t\t<section class=\"widget-container aux-widget-image aux-alignnone aux-parent-auf33875bf\">\n    <div class=\"aux-media-hint-frame\">\n        <div class=\"aux-media-image\" >\n        \n            \n\n            \n            <img decoding=\"async\" width=\"1024\" height=\"1024\" src=\"https:\/\/lagrangedeperbost.fr\/wp-content\/uploads\/2025\/01\/chocolat-chaud-au-CBD-2-e1737371089268-1024x1024.png\" class=\"aux-attachment aux-featured-image aux-attachment-id-1558\" alt=\"chocolat chaud au CBD\" srcset=\"https:\/\/lagrangedeperbost.fr\/wp-content\/uploads\/2025\/01\/chocolat-chaud-au-CBD-2-e1737371089268-150x150.png 150w,https:\/\/lagrangedeperbost.fr\/wp-content\/uploads\/2025\/01\/chocolat-chaud-au-CBD-2-e1737371089268-300x300.png 300w,https:\/\/lagrangedeperbost.fr\/wp-content\/uploads\/2025\/01\/chocolat-chaud-au-CBD-2-e1737371089268-768x768.png 768w,https:\/\/lagrangedeperbost.fr\/wp-content\/uploads\/2025\/01\/chocolat-chaud-au-CBD-2-e1737371089268-1024x1024.png 1024w,https:\/\/lagrangedeperbost.fr\/wp-content\/uploads\/2025\/01\/chocolat-chaud-au-CBD-2-e1737371089268-1024x1024.png 1024w\" data-ratio=\"1\" data-original-w=\"1338\" sizes=\"(max-width:479px) 480px,(max-width:767px) 768px,(max-width:1023px) 1024px,1024px\" \/>            \n                <\/div>\n    <\/div>\n\n<\/section><!-- widget-container -->\t\t\t\t<\/div>\n\t\t\t\t\t<\/div>\n\t\t<\/div>\n\t\t\t\t\t<\/div>\n\t\t<\/section>\n\t\t\t\t\t<\/div>\n\t\t<\/div>\n\t\t\t\t\t<\/div>\n\t\t<\/section>\n\t\t\t\t<section class=\"elementor-section elementor-top-section elementor-element elementor-element-d3d8756 elementor-section-boxed elementor-section-height-default elementor-section-height-default\" data-id=\"d3d8756\" data-element_type=\"section\" data-settings=\"{&quot;background_background&quot;:&quot;classic&quot;}\">\n\t\t\t\t\t\t\t<div class=\"elementor-background-overlay\"><\/div>\n\t\t\t\t\t\t\t<div class=\"elementor-container elementor-column-gap-no\">\n\t\t\t\t\t<div class=\"aux-parallax-section elementor-column elementor-col-100 elementor-top-column elementor-element elementor-element-5ff78d7\" data-id=\"5ff78d7\" data-element_type=\"column\">\n\t\t\t<div class=\"elementor-widget-wrap elementor-element-populated\">\n\t\t\t\t\t\t<div class=\"elementor-element elementor-element-d30e64d elementor-widget elementor-widget-aux_carousel_navigation\" data-id=\"d30e64d\" data-element_type=\"widget\" data-widget_type=\"aux_carousel_navigation.default\">\n\t\t\t\t\t\n        <div class=\"aux-carousel-navigation\" data-target=\".carousel-testimonials\">\n                                <div class=\"aux-prev aux-prev-custom aux-custom-nav\">\n                                            <span class=\"auxicon auxicon-chevron-left-1\"><\/span>\n                                        <\/div>\n                    <div class=\"aux-next aux-next-custom aux-custom-nav\">\n                                            <span class=\"auxicon auxicon-chevron-right-1\"><\/span>\n                                        <\/div>\n                        <\/div>\n\n    \t\t\t\t<\/div>\n\t\t\t\t<div class=\"elementor-element elementor-element-7504191 carousel-testimonials aux-appear-watch-animation aux-scale-up elementor-widget elementor-widget-aux_flexible_carousel\" data-id=\"7504191\" data-element_type=\"widget\" data-settings=\"{&quot;columns&quot;:&quot;1&quot;,&quot;columns_tablet&quot;:&quot;inherit&quot;,&quot;columns_mobile&quot;:&quot;1&quot;}\" data-widget_type=\"aux_flexible_carousel.default\">\n\t\t\t\t<div class=\"elementor-widget-container\">\n\t\t\t\t\t<section class=\"widget-container aux-widget-flexible-carousel aux-parent-auccc37b1a\" style=\"\" ><div data-element-id=\"auccc37b1a\" class=\"master-carousel aux-no-js aux-mc-before-init aux--control\" data-columns=\"1\" data-autoplay=\"true\" data-delay=\"5\" data-navigation=\"peritem\" data-space=\"25\" data-loop=\"yes\" data-wrap-controls=\"true\" data-bullets=\"true\" data-bullet-class=\"aux-bullets aux-small aux-mask\" data-arrows=\"false\" data-same-height=\"true\" data-responsive=\"1025:1,767:1\" ><div class=\"aux-col aux-mc-item\">\t\t<div data-elementor-type=\"section\" data-elementor-id=\"1631\" class=\"elementor elementor-1631\">\n\t\t\t\t\t\t<section class=\"elementor-section elementor-top-section elementor-element elementor-element-4454e9f5 elementor-section-boxed elementor-section-height-default elementor-section-height-default\" data-id=\"4454e9f5\" data-element_type=\"section\">\n\t\t\t\t\t\t<div class=\"elementor-container elementor-column-gap-no\">\n\t\t\t\t\t<div class=\"aux-parallax-section elementor-column elementor-col-100 elementor-top-column elementor-element elementor-element-7b210b3e\" data-id=\"7b210b3e\" data-element_type=\"column\">\n\t\t\t<div class=\"elementor-widget-wrap elementor-element-populated\">\n\t\t\t\t\t\t<div class=\"elementor-element elementor-element-2a8439cd elementor-view-default elementor-widget elementor-widget-icon\" data-id=\"2a8439cd\" data-element_type=\"widget\" data-widget_type=\"icon.default\">\n\t\t\t\t\t\t\t<div class=\"elementor-icon-wrapper\">\n\t\t\t<div class=\"elementor-icon\">\n\t\t\t<i aria-hidden=\"true\" class=\"auxicon auxicon-quote\"><\/i>\t\t\t<\/div>\n\t\t<\/div>\n\t\t\t\t\t\t<\/div>\n\t\t\t\t<div class=\"elementor-element elementor-element-6ba76bd5 elementor-widget elementor-widget-text-editor\" data-id=\"6ba76bd5\" data-element_type=\"widget\" data-widget_type=\"text-editor.default\">\n\t\t\t\t\t\t\t\t\t<p>Super moment de d\u00e9tente chocolat\u00e9e pour les soir\u00e9es d&rsquo;hiver !<\/p>\t\t\t\t\t\t\t\t<\/div>\n\t\t\t\t<div class=\"elementor-element elementor-element-5cb1833d elementor-widget elementor-widget-heading\" data-id=\"5cb1833d\" data-element_type=\"widget\" data-widget_type=\"heading.default\">\n\t\t\t\t\t<p class=\"elementor-heading-title elementor-size-default\">Julia<\/p>\t\t\t\t<\/div>\n\t\t\t\t<div class=\"elementor-element elementor-element-59480f8d elementor-widget elementor-widget-heading\" data-id=\"59480f8d\" data-element_type=\"widget\" data-widget_type=\"heading.default\">\n\t\t\t\t\t<p class=\"elementor-heading-title elementor-size-default\">M\u00e9decin g\u00e9n\u00e9raliste<\/p>\t\t\t\t<\/div>\n\t\t\t\t\t<\/div>\n\t\t<\/div>\n\t\t\t\t\t<\/div>\n\t\t<\/section>\n\t\t\t\t<\/div>\n\t\t<\/div><div class=\"aux-col aux-mc-item\">\t\t<div data-elementor-type=\"section\" data-elementor-id=\"1627\" class=\"elementor elementor-1627\">\n\t\t\t\t\t\t<section class=\"elementor-section elementor-top-section elementor-element elementor-element-61fbb6c0 elementor-section-boxed elementor-section-height-default elementor-section-height-default\" data-id=\"61fbb6c0\" data-element_type=\"section\">\n\t\t\t\t\t\t<div class=\"elementor-container elementor-column-gap-no\">\n\t\t\t\t\t<div class=\"aux-parallax-section elementor-column elementor-col-100 elementor-top-column elementor-element elementor-element-7443d49\" data-id=\"7443d49\" data-element_type=\"column\">\n\t\t\t<div class=\"elementor-widget-wrap elementor-element-populated\">\n\t\t\t\t\t\t<div class=\"elementor-element elementor-element-2144e3a3 elementor-view-default elementor-widget elementor-widget-icon\" data-id=\"2144e3a3\" data-element_type=\"widget\" data-widget_type=\"icon.default\">\n\t\t\t\t\t\t\t<div class=\"elementor-icon-wrapper\">\n\t\t\t<div class=\"elementor-icon\">\n\t\t\t<i aria-hidden=\"true\" class=\"auxicon auxicon-quote\"><\/i>\t\t\t<\/div>\n\t\t<\/div>\n\t\t\t\t\t\t<\/div>\n\t\t\t\t<div class=\"elementor-element elementor-element-6f8735d4 elementor-widget elementor-widget-text-editor\" data-id=\"6f8735d4\" data-element_type=\"widget\" data-widget_type=\"text-editor.default\">\n\t\t\t\t\t\t\t\t\t<p>Le chocolat chaud au CBD a \u00e9t\u00e9 une belle d\u00e9couverte agr\u00e9able de cette fin d&rsquo;ann\u00e9e 2024. Avec un packaging attrayant et un go\u00fbt exquis, il offre un moment r\u00e9confortant \u00e0 savourer entre amis.<\/p>\t\t\t\t\t\t\t\t<\/div>\n\t\t\t\t<div class=\"elementor-element elementor-element-3a5993c4 elementor-widget elementor-widget-heading\" data-id=\"3a5993c4\" data-element_type=\"widget\" data-widget_type=\"heading.default\">\n\t\t\t\t\t<p class=\"elementor-heading-title elementor-size-default\">Laurence<\/p>\t\t\t\t<\/div>\n\t\t\t\t<div class=\"elementor-element elementor-element-64d54d4b elementor-widget elementor-widget-heading\" data-id=\"64d54d4b\" data-element_type=\"widget\" data-widget_type=\"heading.default\">\n\t\t\t\t\t<p class=\"elementor-heading-title elementor-size-default\">Artiste plasticienne<\/p>\t\t\t\t<\/div>\n\t\t\t\t\t<\/div>\n\t\t<\/div>\n\t\t\t\t\t<\/div>\n\t\t<\/section>\n\t\t\t\t<\/div>\n\t\t<\/div><\/div><\/section><!-- widget-container -->\t\t\t\t<\/div>\n\t\t\t\t<\/div>\n\t\t\t\t\t<\/div>\n\t\t<\/div>\n\t\t\t\t\t<\/div>\n\t\t<\/section>\n\t\t\t\t<section class=\"elementor-section elementor-top-section elementor-element elementor-element-5b29dd40 elementor-section-boxed elementor-section-height-default elementor-section-height-default\" data-id=\"5b29dd40\" data-element_type=\"section\">\n\t\t\t\t\t\t<div class=\"elementor-container elementor-column-gap-no\">\n\t\t\t\t\t<div class=\"aux-parallax-section elementor-column elementor-col-50 elementor-top-column elementor-element elementor-element-6b977c58\" data-id=\"6b977c58\" data-element_type=\"column\">\n\t\t\t<div class=\"elementor-widget-wrap elementor-element-populated\">\n\t\t\t\t\t\t<div class=\"elementor-element elementor-element-b79b201 elementor-widget elementor-widget-menu-anchor\" data-id=\"b79b201\" data-element_type=\"widget\" data-widget_type=\"menu-anchor.default\">\n\t\t\t\t\t\t\t<div class=\"elementor-menu-anchor\" id=\"recette\"><\/div>\n\t\t\t\t\t\t<\/div>\n\t\t\t\t<div class=\"elementor-element elementor-element-44a35b0 aux-appear-watch-animation aux-fade-in-right-1 elementor-widget elementor-widget-heading\" data-id=\"44a35b0\" data-element_type=\"widget\" data-widget_type=\"heading.default\">\n\t\t\t\t\t<h5 class=\"elementor-heading-title elementor-size-default\">La Recette\n<\/h5>\t\t\t\t<\/div>\n\t\t\t\t<div class=\"elementor-element elementor-element-4b766c32 title aux-appear-watch-animation aux-fade-in-up elementor-widget__width-initial elementor-widget elementor-widget-aux_modern_heading\" data-id=\"4b766c32\" data-element_type=\"widget\" data-widget_type=\"aux_modern_heading.default\">\n\t\t\t\t\t<section class=\"aux-widget-modern-heading\">\n            <div class=\"aux-widget-inner\"><h2 class=\"aux-modern-heading-primary\">Pour un chocolat chaud<br>au CBD pour 2 personnes<\/h2><div class=\"aux-modern-heading-description\"><ol>\n<li>Chauffer 500ml de lait entier ou lait v\u00e9g\u00e9tal issu d'ol\u00e9agineux dans une casserole<\/li>\n<li>Verser le contenu des 2 \u00e9prouvettes dans le lait chaud<\/li>\n<li>Bien m\u00e9langer et fouetter et laisser infuser 2 MIN<\/li>\n<li>Mettre un infuseur en inox dans une grande tasse<\/li>\n<li>Verser la moiti\u00e9 du chocolat chaud<\/li>\n<li>R\u00e9p\u00e8ter l'\u00e9tape 4 et 5 pour servir la deuxi\u00e8me tasse<\/li>\n<li>D\u00e9guster !<\/li>\n<\/ol>\n<p>NB : Ne laisser pas infuser plus de 3 min au risque d'avoir un gout amer trop prononcer.<\/p><\/div><\/div>\n        <\/section>\t\t\t\t<\/div>\n\t\t\t\t\t<\/div>\n\t\t<\/div>\n\t\t\t\t<div class=\"aux-parallax-section elementor-column elementor-col-50 elementor-top-column elementor-element elementor-element-598fd95e\" data-id=\"598fd95e\" data-element_type=\"column\">\n\t\t\t<div class=\"elementor-widget-wrap elementor-element-populated\">\n\t\t\t\t\t\t<div class=\"aux-scroll-anim elementor-element elementor-element-56bf802f elementor-widget elementor-widget-aux_image\" data-move-in=\"moveVertical\" data-move-out=\"moveVertical\" data-axis-x=\"40\" data-axis-y=\"-40\" data-rotate=\"90\" data-scale=\"1\" data-vp-top=\"0.5\" data-vp-bot=\"0.5\" data-el-top=\"0.2\" data-scroll-animation-off=\"1024\" data-id=\"56bf802f\" data-element_type=\"widget\" data-widget_type=\"aux_image.default\">\n\t\t\t\t\t<section class=\"widget-container aux-widget-image aux-alignnone aux-parent-au43c7c4df\">\n    <div class=\"aux-media-hint-frame\">\n        <div class=\"aux-media-image\" >\n        \n            \n\n            \n            <img decoding=\"async\" width=\"768\" height=\"768\" src=\"https:\/\/lagrangedeperbost.fr\/wp-content\/uploads\/2024\/11\/chocolat-chaud-au-CBD-gourmand-et-relaxant-v2-768x768.png\" class=\"aux-attachment aux-featured-image aux-attachment-id-1335\" alt=\"chocolat chaud au CBD gourmand et relaxant - v2\" srcset=\"https:\/\/lagrangedeperbost.fr\/wp-content\/uploads\/2024\/11\/chocolat-chaud-au-CBD-gourmand-et-relaxant-v2-150x150.png 150w,https:\/\/lagrangedeperbost.fr\/wp-content\/uploads\/2024\/11\/chocolat-chaud-au-CBD-gourmand-et-relaxant-v2-300x300.png 300w,https:\/\/lagrangedeperbost.fr\/wp-content\/uploads\/2024\/11\/chocolat-chaud-au-CBD-gourmand-et-relaxant-v2-768x768.png 768w,https:\/\/lagrangedeperbost.fr\/wp-content\/uploads\/2024\/11\/chocolat-chaud-au-CBD-gourmand-et-relaxant-v2-1024x1024.png 1024w,https:\/\/lagrangedeperbost.fr\/wp-content\/uploads\/2024\/11\/chocolat-chaud-au-CBD-gourmand-et-relaxant-v2-768x768.png 768w\" data-ratio=\"1\" data-original-w=\"1120\" sizes=\"(max-width:479px) 480px,(max-width:767px) 768px,(max-width:1023px) 1024px,768px\" \/>            \n                <\/div>\n    <\/div>\n\n<\/section><!-- widget-container -->\t\t\t\t<\/div>\n\t\t\t\t\t<\/div>\n\t\t<\/div>\n\t\t\t\t\t<\/div>\n\t\t<\/section>\n\t\t\t\t<\/div>","protected":false},"excerpt":{"rendered":"<p>D\u00e9couvrez nos fleurs de CBD dans des boites en fer-blanc pour une conservation et une qualit\u00e9 optimale : 100% naturelles, l\u00e9gales et fran\u00e7aises<\/p>","protected":false},"author":1,"featured_media":1714,"parent":0,"menu_order":0,"comment_status":"closed","ping_status":"closed","template":"","meta":{"inline_featured_image":false,"footnotes":""},"class_list":["post-1713","page","type-page","status-publish","has-post-thumbnail","hentry"],"_links":{"self":[{"href":"https:\/\/lagrangedeperbost.fr\/en\/wp-json\/wp\/v2\/pages\/1713","targetHints":{"allow":["GET"]}}],"collection":[{"href":"https:\/\/lagrangedeperbost.fr\/en\/wp-json\/wp\/v2\/pages"}],"about":[{"href":"https:\/\/lagrangedeperbost.fr\/en\/wp-json\/wp\/v2\/types\/page"}],"author":[{"embeddable":true,"href":"https:\/\/lagrangedeperbost.fr\/en\/wp-json\/wp\/v2\/users\/1"}],"replies":[{"embeddable":true,"href":"https:\/\/lagrangedeperbost.fr\/en\/wp-json\/wp\/v2\/comments?post=1713"}],"version-history":[{"count":10,"href":"https:\/\/lagrangedeperbost.fr\/en\/wp-json\/wp\/v2\/pages\/1713\/revisions"}],"predecessor-version":[{"id":1725,"href":"https:\/\/lagrangedeperbost.fr\/en\/wp-json\/wp\/v2\/pages\/1713\/revisions\/1725"}],"wp:featuredmedia":[{"embeddable":true,"href":"https:\/\/lagrangedeperbost.fr\/en\/wp-json\/wp\/v2\/media\/1714"}],"wp:attachment":[{"href":"https:\/\/lagrangedeperbost.fr\/en\/wp-json\/wp\/v2\/media?parent=1713"}],"curies":[{"name":"wp","href":"https:\/\/api.w.org\/{rel}","templated":true}]}}