{"id":1837,"date":"2025-02-18T16:30:57","date_gmt":"2025-02-18T15:30:57","guid":{"rendered":"https:\/\/lagrangedeperbost.fr\/?page_id=1837"},"modified":"2026-01-23T17:38:59","modified_gmt":"2026-01-23T16:38:59","slug":"analyses","status":"publish","type":"page","link":"https:\/\/lagrangedeperbost.fr\/en\/analyses\/","title":{"rendered":"Analyses CBD &amp; THC"},"content":{"rendered":"<div data-elementor-type=\"wp-page\" data-elementor-id=\"1837\" class=\"elementor elementor-1837\">\n\t\t\t\t\t\t<section class=\"elementor-section elementor-top-section elementor-element elementor-element-c8a5783 elementor-section-boxed elementor-section-height-default elementor-section-height-default\" data-id=\"c8a5783\" data-element_type=\"section\">\n\t\t\t\t\t\t<div class=\"elementor-container elementor-column-gap-no\">\n\t\t\t\t\t<div class=\"aux-parallax-section elementor-column elementor-col-100 elementor-top-column elementor-element elementor-element-d68c045\" data-id=\"d68c045\" data-element_type=\"column\">\n\t\t\t<div class=\"elementor-widget-wrap elementor-element-populated\">\n\t\t\t\t\t\t<div class=\"elementor-element elementor-element-63069ab aux-appear-watch-animation aux-fade-in-down elementor-widget elementor-widget-heading\" data-id=\"63069ab\" data-element_type=\"widget\" data-widget_type=\"heading.default\">\n\t\t\t\t\t<h5 class=\"elementor-heading-title elementor-size-default\">Analyses<\/h5>\t\t\t\t<\/div>\n\t\t\t\t<div class=\"elementor-element elementor-element-b9179c0 aux-appear-watch-animation aux-fade-in-up-1 elementor-widget elementor-widget-heading\" data-id=\"b9179c0\" data-element_type=\"widget\" data-widget_type=\"heading.default\">\n\t\t\t\t\t<h1 class=\"elementor-heading-title elementor-size-default\">THC &amp; CBD<\/h1>\t\t\t\t<\/div>\n\t\t\t\t<div class=\"elementor-element elementor-element-be497b7 elementor-widget__width-initial elementor-widget elementor-widget-text-editor\" data-id=\"be497b7\" data-element_type=\"widget\" data-widget_type=\"text-editor.default\">\n\t\t\t\t\t\t\t\t\t<p style=\"text-align: center;\">Toutes nos semences sont inscrites au catalogue Europ\u00e9en et nous faisons tester notre production aupr\u00e8s du laboratoire\u00a0<a href=\"https:\/\/www.ianesco.fr\/analyse-de-cbd\/\" target=\"_blank\" rel=\"noopener\">ianesco<\/a> pour s&rsquo;assurer que notre taux de THC est inf\u00e9rieur \u00e0 0,3 %.<\/p>\t\t\t\t\t\t\t\t<\/div>\n\t\t\t\t<div class=\"elementor-element elementor-element-7f0ae92 elementor-widget elementor-widget-spacer\" data-id=\"7f0ae92\" data-element_type=\"widget\" data-widget_type=\"spacer.default\">\n\t\t\t\t\t\t\t<div class=\"elementor-spacer\">\n\t\t\t<div class=\"elementor-spacer-inner\"><\/div>\n\t\t<\/div>\n\t\t\t\t\t\t<\/div>\n\t\t\t\t<div class=\"elementor-element elementor-element-41868bc elementor-widget elementor-widget-heading\" data-id=\"41868bc\" data-element_type=\"widget\" data-widget_type=\"heading.default\">\n\t\t\t\t\t<h4 class=\"elementor-heading-title elementor-size-default\">R\u00e9sultat des analyses<\/h4>\t\t\t\t<\/div>\n\t\t\t\t<div class=\"elementor-element elementor-element-86c532c elementor-widget__width-initial elementor-widget elementor-widget-text-editor\" data-id=\"86c532c\" data-element_type=\"widget\" data-widget_type=\"text-editor.default\">\n\t\t\t\t\t\t\t\t\t<p>Cliquer sur l&rsquo;analyse recherch\u00e9e pour la t\u00e9l\u00e9charger<\/p>\t\t\t\t\t\t\t\t<\/div>\n\t\t\t\t<div class=\"elementor-element elementor-element-dd42ea5 elementor-widget__width-initial elementor-widget elementor-widget-text-editor\" data-id=\"dd42ea5\" data-element_type=\"widget\" data-widget_type=\"text-editor.default\">\n\t\t\t\t\t\t\t\t\t<p style=\"text-align: center;\"><strong style=\"font-size: 16.0016px;\"><a href=\"https:\/\/lagrangedeperbost.fr\/wp-content\/uploads\/2025\/01\/TESTS-CBD-THC-2024.pdf\">Fleurs 2024<\/a><\/strong><\/p><p style=\"text-align: center;\">\u00a0<strong style=\"font-size: 16.0016px;\"><a href=\"https:\/\/lagrangedeperbost.fr\/wp-content\/uploads\/2025\/09\/TESTS-HUILE-AOUT-2025.pdf\">Huile aout 2025<\/a><\/strong><\/p><p style=\"text-align: center;\"><strong style=\"font-size: 16.0016px;\"><a href=\"https:\/\/lagrangedeperbost.fr\/wp-content\/uploads\/2026\/01\/Analyses-2025-Kompolti.pdf\">Fleurs Kompolti 2025<\/a><\/strong><\/p><p style=\"text-align: center;\"><strong style=\"font-size: 16.0016px;\"><a href=\"https:\/\/lagrangedeperbost.fr\/wp-content\/uploads\/2026\/01\/Analyses-2025-Northwest.pdf\">Fleurs Northwest 2025<\/a><\/strong><\/p><p style=\"text-align: center;\">\u00a0<strong style=\"font-size: 16.0016px;\"><a href=\"https:\/\/lagrangedeperbost.fr\/wp-content\/uploads\/2026\/01\/Analyses-2025-Arizona-Dream.pdf\">Fleurs Arizona Dream 2025<\/a><\/strong><\/p>\t\t\t\t\t\t\t\t<\/div>\n\t\t\t\t\t<\/div>\n\t\t<\/div>\n\t\t\t\t\t<\/div>\n\t\t<\/section>\n\t\t\t\t<\/div>","protected":false},"excerpt":{"rendered":"<p>Retrouvez toute l&rsquo;actualit\u00e9 de la Grange de Perbost : construction, \u00e9volution, r\u00e9flexion et partage autour de la culture du Chanvre<\/p>","protected":false},"author":1,"featured_media":0,"parent":0,"menu_order":0,"comment_status":"closed","ping_status":"closed","template":"","meta":{"inline_featured_image":false,"footnotes":""},"class_list":["post-1837","page","type-page","status-publish","hentry"],"_links":{"self":[{"href":"https:\/\/lagrangedeperbost.fr\/en\/wp-json\/wp\/v2\/pages\/1837","targetHints":{"allow":["GET"]}}],"collection":[{"href":"https:\/\/lagrangedeperbost.fr\/en\/wp-json\/wp\/v2\/pages"}],"about":[{"href":"https:\/\/lagrangedeperbost.fr\/en\/wp-json\/wp\/v2\/types\/page"}],"author":[{"embeddable":true,"href":"https:\/\/lagrangedeperbost.fr\/en\/wp-json\/wp\/v2\/users\/1"}],"replies":[{"embeddable":true,"href":"https:\/\/lagrangedeperbost.fr\/en\/wp-json\/wp\/v2\/comments?post=1837"}],"version-history":[{"count":17,"href":"https:\/\/lagrangedeperbost.fr\/en\/wp-json\/wp\/v2\/pages\/1837\/revisions"}],"predecessor-version":[{"id":2363,"href":"https:\/\/lagrangedeperbost.fr\/en\/wp-json\/wp\/v2\/pages\/1837\/revisions\/2363"}],"wp:attachment":[{"href":"https:\/\/lagrangedeperbost.fr\/en\/wp-json\/wp\/v2\/media?parent=1837"}],"curies":[{"name":"wp","href":"https:\/\/api.w.org\/{rel}","templated":true}]}}