{"id":198,"date":"2020-11-10T18:33:02","date_gmt":"2020-11-10T17:33:02","guid":{"rendered":"https:\/\/lagrangedeperbost.fr\/about\/"},"modified":"2026-01-23T10:02:40","modified_gmt":"2026-01-23T09:02:40","slug":"a-propos","status":"publish","type":"page","link":"https:\/\/lagrangedeperbost.fr\/en\/a-propos\/","title":{"rendered":"A propos"},"content":{"rendered":"<div data-elementor-type=\"wp-page\" data-elementor-id=\"198\" class=\"elementor elementor-198\">\n\t\t\t\t\t\t<section class=\"elementor-section elementor-top-section elementor-element elementor-element-4da0e38 elementor-section-boxed elementor-section-height-default elementor-section-height-default\" data-id=\"4da0e38\" data-element_type=\"section\">\n\t\t\t\t\t\t<div class=\"elementor-container elementor-column-gap-no\">\n\t\t\t\t\t<div class=\"aux-parallax-section elementor-column elementor-col-50 elementor-top-column elementor-element elementor-element-96c6fb0\" data-id=\"96c6fb0\" data-element_type=\"column\">\n\t\t\t<div class=\"elementor-widget-wrap elementor-element-populated\">\n\t\t\t\t\t\t<div class=\"aux-scroll-anim elementor-element elementor-element-981e2e5 aux-appear-watch-animation aux-fade-in-left elementor-widget elementor-widget-aux_image\" data-move-in=\"moveHorizontal\" data-move-out=\"moveHorizontal\" data-axis-x=\"20\" data-axis-y=\"200\" data-rotate=\"90\" data-scale=\"1\" data-vp-top=\"0.5\" data-vp-bot=\"0.5\" data-el-top=\"0.2\" data-scroll-animation-off=\"1024\" data-id=\"981e2e5\" data-element_type=\"widget\" data-widget_type=\"aux_image.default\">\n\t\t\t\t\t<section class=\"widget-container aux-widget-image aux-alignnone aux-parent-auc954d900\">\n    <div class=\"aux-media-hint-frame\">\n        <div class=\"aux-media-image\" >\n        \n            \n\n            \n            <img fetchpriority=\"high\" decoding=\"async\" width=\"768\" height=\"768\" src=\"https:\/\/lagrangedeperbost.fr\/wp-content\/uploads\/2025\/02\/20240819_154714-768x768.jpg\" class=\"aux-attachment aux-featured-image aux-attachment-id-1774\" alt=\"Northwest dans la serre\" srcset=\"https:\/\/lagrangedeperbost.fr\/wp-content\/uploads\/2025\/02\/20240819_154714-150x150.jpg 150w,https:\/\/lagrangedeperbost.fr\/wp-content\/uploads\/2025\/02\/20240819_154714-300x300.jpg 300w,https:\/\/lagrangedeperbost.fr\/wp-content\/uploads\/2025\/02\/20240819_154714-768x768.jpg 768w,https:\/\/lagrangedeperbost.fr\/wp-content\/uploads\/2025\/02\/20240819_154714-1024x1024.jpg 1024w,https:\/\/lagrangedeperbost.fr\/wp-content\/uploads\/2025\/02\/20240819_154714-768x768.jpg 768w\" data-ratio=\"1\" data-original-w=\"1920\" sizes=\"(max-width:479px) 480px,(max-width:767px) 768px,(max-width:1023px) 1024px,768px\" \/>            \n                <\/div>\n    <\/div>\n\n<\/section><!-- widget-container -->\t\t\t\t<\/div>\n\t\t\t\t<div class=\"aux-scroll-anim elementor-element elementor-element-8a11f34 elementor-widget__width-initial elementor-absolute elementor-widget-tablet__width-initial elementor-widget-mobile__width-initial elementor-hidden-phone aux-appear-watch-animation aux-fade-in-right-1 elementor-widget elementor-widget-aux_image\" data-move-in=\"moveHorizontal\" data-move-out=\"moveHorizontal\" data-axis-x=\"-35\" data-axis-y=\"200\" data-rotate=\"90\" data-scale=\"1\" data-vp-top=\"0.5\" data-vp-bot=\"0.5\" data-el-top=\"0.2\" data-scroll-animation-off=\"1024\" data-id=\"8a11f34\" data-element_type=\"widget\" data-settings=\"{&quot;_position&quot;:&quot;absolute&quot;}\" data-widget_type=\"aux_image.default\">\n\t\t\t\t\t<section class=\"widget-container aux-widget-image aux-alignnone aux-parent-aude56a07d\">\n    <div class=\"aux-media-hint-frame\">\n        <div class=\"aux-media-image\" >\n        \n            \n\n            \n            <img decoding=\"async\" width=\"768\" height=\"768\" src=\"https:\/\/lagrangedeperbost.fr\/wp-content\/uploads\/2024\/05\/poulailler_etape11_20240415-scaled-e1717421271556-768x768.jpg\" class=\"aux-attachment aux-featured-image aux-attachment-id-746\" alt=\"Arriv\u00e9e des poules\" srcset=\"https:\/\/lagrangedeperbost.fr\/wp-content\/uploads\/2024\/05\/poulailler_etape11_20240415-scaled-e1717421271556-150x150.jpg 150w,https:\/\/lagrangedeperbost.fr\/wp-content\/uploads\/2024\/05\/poulailler_etape11_20240415-scaled-e1717421271556-300x300.jpg 300w,https:\/\/lagrangedeperbost.fr\/wp-content\/uploads\/2024\/05\/poulailler_etape11_20240415-scaled-e1717421271556-768x768.jpg 768w,https:\/\/lagrangedeperbost.fr\/wp-content\/uploads\/2024\/05\/poulailler_etape11_20240415-scaled-e1717421271556-1024x1024.jpg 1024w,https:\/\/lagrangedeperbost.fr\/wp-content\/uploads\/2024\/05\/poulailler_etape11_20240415-scaled-e1717421271556-768x768.jpg 768w\" data-ratio=\"1\" data-original-w=\"2560\" sizes=\"(max-width:479px) 480px,(max-width:767px) 768px,(max-width:1023px) 1024px,768px\" \/>            \n                <\/div>\n    <\/div>\n\n<\/section><!-- widget-container -->\t\t\t\t<\/div>\n\t\t\t\t\t<\/div>\n\t\t<\/div>\n\t\t\t\t<div class=\"aux-parallax-section elementor-column elementor-col-50 elementor-top-column elementor-element elementor-element-d331f4b\" data-id=\"d331f4b\" data-element_type=\"column\">\n\t\t\t<div class=\"elementor-widget-wrap elementor-element-populated\">\n\t\t\t\t\t\t<div class=\"elementor-element elementor-element-ee97327 aux-appear-watch-animation aux-fade-in-right-1 elementor-widget elementor-widget-heading\" data-id=\"ee97327\" data-element_type=\"widget\" data-widget_type=\"heading.default\">\n\t\t\t\t\t<h5 class=\"elementor-heading-title elementor-size-default\">Notre histoire<\/h5>\t\t\t\t<\/div>\n\t\t\t\t<div class=\"elementor-element elementor-element-bf69d46 aux-appear-watch-animation aux-fade-in-up elementor-widget__width-initial elementor-widget elementor-widget-aux_modern_heading\" data-id=\"bf69d46\" data-element_type=\"widget\" data-widget_type=\"aux_modern_heading.default\">\n\t\t\t\t\t<section class=\"aux-widget-modern-heading\">\n            <div class=\"aux-widget-inner\"><h2 class=\"aux-modern-heading-primary\">Naissance d'une petite exploitation de chanvre et de poules pondeuses<\/h2><div class=\"aux-modern-heading-description\"><p>Notre exploitation agricole a vu le jour \u00e0 la fin du mois de f\u00e9vrier 2024. Elle est n\u00e9e de l\u2019association entre deux passionn\u00e9s : Florent Colart, un mara\u00eecher bruxellois, et Benjamin Slinger, un ing\u00e9nieur belgo-fran\u00e7ais en pleine reconversion professionnelle. Ensemble, nous avons fait le choix audacieux de se lancer dans la culture de fleurs de chanvre, renouant ainsi avec <a href=\"https:\/\/www.francebleu.fr\/infos\/agriculture-peche\/la-culture-traditionelle-du-chanvre-retrouve-un-certain-dynamisme-1529505986\" target=\"_blank\" rel=\"noopener\">la tradition s\u00e9culaire de la culture du chanvre en France<\/a>.<\/p><p>Dans <a href=\"https:\/\/lagrangedeperbost.fr\/en\/montage-de-la-serre\/\">notre serre de 50 m\u00e8tres carr\u00e9s<\/a>, nous mettons l\u2019accent sur la qualit\u00e9 et la productivit\u00e9 de chacun de nos plants de chanvre. Nous avons fait le choix d\u00e9lib\u00e9r\u00e9 de refuser les engrais industriels. Au lieu de cela, nous avons int\u00e9gr\u00e9 <a href=\"https:\/\/lagrangedeperbost.fr\/en\/construction-du-poulailler\/\">un \u00e9levage de poules pondeuses<\/a> \u00e0 notre exploitation. Leurs \u0153ufs sont propos\u00e9s \u00e0 la vente directement sur place, tandis que leurs fientes sont utilis\u00e9es comme engrais naturel pour nos cultures.<\/p><p>Fiers de contribuer \u00e0 l\u2019agriculture locale et durable, nous envisageons un avenir prometteur dans le secteur du chanvre et de l\u2019agriculture biologique. Nous sommes impatients de vous faire d\u00e9couvrir nos produits !<\/p><\/div><\/div>\n        <\/section>\t\t\t\t<\/div>\n\t\t\t\t<div class=\"elementor-element elementor-element-16e2755 elementor-widget__width-auto aux-appear-watch-animation aux-scale-down-1 elementor-widget-mobile__width-initial elementor-hidden-mobile elementor-widget elementor-widget-aux_counter\" data-id=\"16e2755\" data-element_type=\"widget\" data-widget_type=\"aux_counter.default\">\n\t\t\t\t<div class=\"elementor-widget-container\">\n\t\t\t\t\t\t\t<div class=\"aux-counter\">\n\t\t\t<div class=\"aux-counter-number-wrapper\">\n\t\t\t\t<span class=\"aux-counter-number-prefix\"><\/span>\n\t\t\t\t<span class=\"aux-counter-number\" data-duration=\"2000\" data-to-value=\"7\" data-from-value=\"0\" data-delay=\"0\" data-easing=\"\" data-delimiter=\",\">0<\/span>\n\t\t\t\t<span class=\"aux-counter-number-suffix\">Kg<\/span>\n\t\t\t<\/div>\n\t\t\t\t\t\t\t<div class=\"aux-counter-title\">de fleurs de CBD \/ an<\/div>\n\t\t\t\t\t<\/div>\n\t\t\t\t\t\t<\/div>\n\t\t\t\t<\/div>\n\t\t\t\t<div class=\"elementor-element elementor-element-3c3bc33 elementor-widget__width-auto aux-appear-watch-animation aux-scale-down-1 elementor-widget-mobile__width-initial elementor-hidden-desktop elementor-hidden-tablet elementor-widget elementor-widget-aux_counter\" data-id=\"3c3bc33\" data-element_type=\"widget\" data-widget_type=\"aux_counter.default\">\n\t\t\t\t<div class=\"elementor-widget-container\">\n\t\t\t\t\t\t\t<div class=\"aux-counter\">\n\t\t\t<div class=\"aux-counter-number-wrapper\">\n\t\t\t\t<span class=\"aux-counter-number-prefix\"><\/span>\n\t\t\t\t<span class=\"aux-counter-number\" data-duration=\"2000\" data-to-value=\"7\" data-from-value=\"0\" data-delay=\"0\" data-easing=\"\" data-delimiter=\",\">0<\/span>\n\t\t\t\t<span class=\"aux-counter-number-suffix\">Kg<\/span>\n\t\t\t<\/div>\n\t\t\t\t\t\t\t<div class=\"aux-counter-title\">De fleurs de CBD<\/div>\n\t\t\t\t\t<\/div>\n\t\t\t\t\t\t<\/div>\n\t\t\t\t<\/div>\n\t\t\t\t<div class=\"elementor-element elementor-element-07d0881 elementor-widget__width-auto elementor-widget elementor-widget-spacer\" data-id=\"07d0881\" data-element_type=\"widget\" data-widget_type=\"spacer.default\">\n\t\t\t\t\t\t\t<div class=\"elementor-spacer\">\n\t\t\t<div class=\"elementor-spacer-inner\"><\/div>\n\t\t<\/div>\n\t\t\t\t\t\t<\/div>\n\t\t\t\t<div class=\"elementor-element elementor-element-4072f18 elementor-widget__width-auto aux-appear-watch-animation aux-scale-down-1 elementor-widget-mobile__width-initial elementor-widget elementor-widget-aux_counter\" data-id=\"4072f18\" data-element_type=\"widget\" data-widget_type=\"aux_counter.default\">\n\t\t\t\t<div class=\"elementor-widget-container\">\n\t\t\t\t\t\t\t<div class=\"aux-counter\">\n\t\t\t<div class=\"aux-counter-number-wrapper\">\n\t\t\t\t<span class=\"aux-counter-number-prefix\"><\/span>\n\t\t\t\t<span class=\"aux-counter-number\" data-duration=\"2000\" data-to-value=\"300\" data-from-value=\"0\" data-delay=\"0\" data-easing=\"\" data-delimiter=\",\">0<\/span>\n\t\t\t\t<span class=\"aux-counter-number-suffix\"><\/span>\n\t\t\t<\/div>\n\t\t\t\t\t\t\t<div class=\"aux-counter-title\">Chocolats chauds<\/div>\n\t\t\t\t\t<\/div>\n\t\t\t\t\t\t<\/div>\n\t\t\t\t<\/div>\n\t\t\t\t\t<\/div>\n\t\t<\/div>\n\t\t\t\t\t<\/div>\n\t\t<\/section>\n\t\t\t\t<section class=\"elementor-section elementor-top-section elementor-element elementor-element-11ee7420 elementor-section-boxed elementor-section-height-default elementor-section-height-default\" data-id=\"11ee7420\" data-element_type=\"section\" data-settings=\"{&quot;background_background&quot;:&quot;classic&quot;}\">\n\t\t\t\t\t\t\t<div class=\"elementor-background-overlay\"><\/div>\n\t\t\t\t\t\t\t<div class=\"elementor-container elementor-column-gap-no\">\n\t\t\t\t\t<div class=\"aux-parallax-section elementor-column elementor-col-100 elementor-top-column elementor-element elementor-element-1893b58a\" data-id=\"1893b58a\" data-element_type=\"column\">\n\t\t\t<div class=\"elementor-widget-wrap elementor-element-populated\">\n\t\t\t\t\t\t<div class=\"elementor-element elementor-element-746b876e aux-appear-watch-animation aux-fade-in-down elementor-widget elementor-widget-heading\" data-id=\"746b876e\" data-element_type=\"widget\" data-widget_type=\"heading.default\">\n\t\t\t\t\t<h5 class=\"elementor-heading-title elementor-size-default\">Point de ventes<\/h5>\t\t\t\t<\/div>\n\t\t\t\t<div class=\"elementor-element elementor-element-38425bdc aux-appear-watch-animation aux-fade-in-up elementor-widget elementor-widget-heading\" data-id=\"38425bdc\" data-element_type=\"widget\" data-widget_type=\"heading.default\">\n\t\t\t\t\t<h2 class=\"elementor-heading-title elementor-size-default\">Vous souhaitez vendre notre CBD ?<\/h2>\t\t\t\t<\/div>\n\t\t\t\t<div class=\"elementor-element elementor-element-1ad4ceb8 aux-appear-watch-animation aux-fade-in elementor-widget elementor-widget-aux_modern_button\" data-id=\"1ad4ceb8\" data-element_type=\"widget\" data-widget_type=\"aux_modern_button.default\">\n\t\t\t\t\t    <div class=\"aux-modern-button-wrapper aux-modern-button-align-center\" >\n                    <a class=\"aux-modern-button aux-black aux-modern-button-md aux-modern-button-normal aux-modern-button-default aux-icon-\" href=\"https:\/\/lagrangedeperbost.fr\/en\/contact\/\">\n                <div class=\"aux-overlay\"><\/div>\n                                    <div class=\"aux-icon\">\n                                            <\/div>\n                                <div class=\"aux-text\">\n<span class=\"aux-text-before\">Contactez nous<\/span>                <\/div>\n            <\/a>\n            \n    <\/div>\n\n    \t\t\t\t<\/div>\n\t\t\t\t\t<\/div>\n\t\t<\/div>\n\t\t\t\t\t<\/div>\n\t\t<\/section>\n\t\t\t\t<section class=\"elementor-section elementor-top-section elementor-element elementor-element-1b0982b elementor-section-boxed elementor-section-height-default elementor-section-height-default\" data-id=\"1b0982b\" data-element_type=\"section\">\n\t\t\t\t\t\t<div class=\"elementor-container elementor-column-gap-no\">\n\t\t\t\t\t<div class=\"aux-parallax-section elementor-column elementor-col-100 elementor-top-column elementor-element elementor-element-1c387fb\" data-id=\"1c387fb\" data-element_type=\"column\">\n\t\t\t<div class=\"elementor-widget-wrap elementor-element-populated\">\n\t\t\t\t\t\t<div class=\"elementor-element elementor-element-0622720 aux-appear-watch-animation aux-fade-in-down elementor-widget elementor-widget-heading\" data-id=\"0622720\" data-element_type=\"widget\" data-widget_type=\"heading.default\">\n\t\t\t\t\t<h5 class=\"elementor-heading-title elementor-size-default\">Notre \u00e9quipe<\/h5>\t\t\t\t<\/div>\n\t\t\t\t<div class=\"elementor-element elementor-element-6ecfdce aux-appear-watch-animation aux-fade-in-up-1 elementor-widget elementor-widget-heading\" data-id=\"6ecfdce\" data-element_type=\"widget\" data-widget_type=\"heading.default\">\n\t\t\t\t\t<h2 class=\"elementor-heading-title elementor-size-default\">Qui sommes nous ?<\/h2>\t\t\t\t<\/div>\n\t\t\t\t\t<\/div>\n\t\t<\/div>\n\t\t\t\t\t<\/div>\n\t\t<\/section>\n\t\t\t\t<section class=\"elementor-section elementor-top-section elementor-element elementor-element-88aad13 elementor-section-boxed elementor-section-height-default elementor-section-height-default\" data-id=\"88aad13\" data-element_type=\"section\">\n\t\t\t\t\t\t<div class=\"elementor-container elementor-column-gap-no\">\n\t\t\t\t\t<div class=\"aux-parallax-section elementor-column elementor-col-50 elementor-top-column elementor-element elementor-element-110315a team aux-appear-watch-animation aux-fade-in-left-2\" data-id=\"110315a\" data-element_type=\"column\" data-settings=\"{&quot;background_background&quot;:&quot;classic&quot;}\">\n\t\t\t<div class=\"elementor-widget-wrap elementor-element-populated\">\n\t\t\t\t\t<div class=\"elementor-background-overlay\"><\/div>\n\t\t\t\t\t\t<div class=\"elementor-element elementor-element-601297f member elementor-widget__width-auto elementor-widget elementor-widget-aux_modern_heading\" data-id=\"601297f\" data-element_type=\"widget\" data-widget_type=\"aux_modern_heading.default\">\n\t\t\t\t\t<section class=\"aux-widget-modern-heading\">\n            <div class=\"aux-widget-inner\"><h2 class=\"aux-modern-heading-primary\">Benjamin Slinger<\/h2><div class=\"aux-modern-heading-description\"><p>Ing\u00e9nieur - Agriculteur<\/p><\/div><\/div>\n        <\/section>\t\t\t\t<\/div>\n\t\t\t\t<div class=\"elementor-element elementor-element-a2ac43a icon elementor-widget__width-auto elementor-view-default elementor-widget elementor-widget-icon\" data-id=\"a2ac43a\" data-element_type=\"widget\" data-widget_type=\"icon.default\">\n\t\t\t\t\t\t\t<div class=\"elementor-icon-wrapper\">\n\t\t\t<div class=\"elementor-icon\">\n\t\t\t<i aria-hidden=\"true\" class=\"auxicon2 auxicon2-arrows-chevron-thin-right\"><\/i>\t\t\t<\/div>\n\t\t<\/div>\n\t\t\t\t\t\t<\/div>\n\t\t\t\t\t<\/div>\n\t\t<\/div>\n\t\t\t\t<div class=\"aux-parallax-section elementor-column elementor-col-50 elementor-top-column elementor-element elementor-element-7b19137 team aux-appear-watch-animation aux-fade-in-left-1\" data-id=\"7b19137\" data-element_type=\"column\" data-settings=\"{&quot;background_background&quot;:&quot;classic&quot;}\">\n\t\t\t<div class=\"elementor-widget-wrap elementor-element-populated\">\n\t\t\t\t\t<div class=\"elementor-background-overlay\"><\/div>\n\t\t\t\t\t\t<div class=\"elementor-element elementor-element-71c0c55 member elementor-widget__width-auto elementor-widget elementor-widget-aux_modern_heading\" data-id=\"71c0c55\" data-element_type=\"widget\" data-widget_type=\"aux_modern_heading.default\">\n\t\t\t\t\t<section class=\"aux-widget-modern-heading\">\n            <div class=\"aux-widget-inner\"><h2 class=\"aux-modern-heading-primary\">Florent Colart<\/h2><div class=\"aux-modern-heading-description\"><p>G\u00e9ologue - Mara\u00eecher<\/p><\/div><\/div>\n        <\/section>\t\t\t\t<\/div>\n\t\t\t\t<div class=\"elementor-element elementor-element-19f7002 icon elementor-widget__width-auto elementor-view-default elementor-widget elementor-widget-icon\" data-id=\"19f7002\" data-element_type=\"widget\" data-widget_type=\"icon.default\">\n\t\t\t\t\t\t\t<div class=\"elementor-icon-wrapper\">\n\t\t\t<div class=\"elementor-icon\">\n\t\t\t<i aria-hidden=\"true\" class=\"auxicon2 auxicon2-arrows-chevron-thin-right\"><\/i>\t\t\t<\/div>\n\t\t<\/div>\n\t\t\t\t\t\t<\/div>\n\t\t\t\t\t<\/div>\n\t\t<\/div>\n\t\t\t\t\t<\/div>\n\t\t<\/section>\n\t\t\t\t<section class=\"elementor-section elementor-top-section elementor-element elementor-element-091e2b1 elementor-section-boxed elementor-section-height-default elementor-section-height-default\" data-id=\"091e2b1\" data-element_type=\"section\" data-settings=\"{&quot;background_background&quot;:&quot;classic&quot;}\">\n\t\t\t\t\t\t<div class=\"elementor-container elementor-column-gap-no\">\n\t\t\t\t\t<div class=\"aux-parallax-section elementor-column elementor-col-33 elementor-top-column elementor-element elementor-element-5655fc0\" data-id=\"5655fc0\" data-element_type=\"column\">\n\t\t\t<div class=\"elementor-widget-wrap elementor-element-populated\">\n\t\t\t\t\t\t<div class=\"elementor-element elementor-element-afa01fc aux-appear-watch-animation aux-slide-from-bot elementor-widget elementor-widget-heading\" data-id=\"afa01fc\" data-element_type=\"widget\" data-widget_type=\"heading.default\">\n\t\t\t\t\t<h2 class=\"elementor-heading-title elementor-size-default\">Des Fleurs de chanvre artisanales Sans Engrais Industiels<\/h2>\t\t\t\t<\/div>\n\t\t\t\t\t<\/div>\n\t\t<\/div>\n\t\t\t\t<div class=\"aux-parallax-section elementor-column elementor-col-33 elementor-top-column elementor-element elementor-element-d469c1f\" data-id=\"d469c1f\" data-element_type=\"column\">\n\t\t\t<div class=\"elementor-widget-wrap elementor-element-populated\">\n\t\t\t\t\t\t<div class=\"elementor-element elementor-element-b6662dc aux-appear-watch-animation aux-fade-in-right-1 elementor-widget elementor-widget-aux_modern_heading\" data-id=\"b6662dc\" data-element_type=\"widget\" data-widget_type=\"aux_modern_heading.default\">\n\t\t\t\t\t<section class=\"aux-widget-modern-heading\">\n            <div class=\"aux-widget-inner\"><h2 class=\"aux-modern-heading-primary\">Purin d'ortie<\/h2><div class=\"aux-modern-heading-description\"><p>Le purin d\u2019ortie est un\u00a0traitement naturel\u00a0aux multiples vertus. Il stimule la croissance des plantes, favorise la production de fleurs et poss\u00e8de des propri\u00e9t\u00e9s insecticides, fongicides et acaricides. Utilis\u00e9 en pr\u00e9vention, il renforce les d\u00e9fenses des v\u00e9g\u00e9taux contre les nuisibles.<\/p><\/div><\/div>\n        <\/section>\t\t\t\t<\/div>\n\t\t\t\t\t<\/div>\n\t\t<\/div>\n\t\t\t\t<div class=\"aux-parallax-section elementor-column elementor-col-33 elementor-top-column elementor-element elementor-element-7fb2b57\" data-id=\"7fb2b57\" data-element_type=\"column\">\n\t\t\t<div class=\"elementor-widget-wrap elementor-element-populated\">\n\t\t\t\t\t\t<div class=\"elementor-element elementor-element-11f3433 aux-appear-watch-animation aux-fade-in-right-1 elementor-widget elementor-widget-aux_modern_heading\" data-id=\"11f3433\" data-element_type=\"widget\" data-widget_type=\"aux_modern_heading.default\">\n\t\t\t\t\t<section class=\"aux-widget-modern-heading\">\n            <div class=\"aux-widget-inner\"><h2 class=\"aux-modern-heading-primary\">Fumier de poule<\/h2><div class=\"aux-modern-heading-description\"><p>Le fumier de poule, directement r\u00e9cup\u00e9r\u00e9 dans le poulailler, constitue un excellent choix pour fertiliser les cultures de chanvre de mani\u00e8re naturelle. Riche en nutriments, il am\u00e9liore la structure du sol, enrichit la terre et favorise la croissance saine des plantes.<\/p><\/div><\/div>\n        <\/section>\t\t\t\t<\/div>\n\t\t\t\t\t<\/div>\n\t\t<\/div>\n\t\t\t\t\t<\/div>\n\t\t<\/section>\n\t\t\t\t<section class=\"elementor-section elementor-top-section elementor-element elementor-element-5086fdd elementor-section-boxed elementor-section-height-default elementor-section-height-default\" data-id=\"5086fdd\" data-element_type=\"section\" data-settings=\"{&quot;background_background&quot;:&quot;classic&quot;}\">\n\t\t\t\t\t\t<div class=\"elementor-container elementor-column-gap-no\">\n\t\t\t\t\t<div class=\"aux-parallax-section elementor-column elementor-col-100 elementor-top-column elementor-element elementor-element-98012e3 aux-appear-watch-animation aux-fade-in-up\" data-id=\"98012e3\" data-element_type=\"column\" data-settings=\"{&quot;background_background&quot;:&quot;classic&quot;}\">\n\t\t\t<div class=\"elementor-widget-wrap elementor-element-populated\">\n\t\t\t\t\t\t<div class=\"elementor-element elementor-element-ca4b174 elementor-widget elementor-widget-spacer\" data-id=\"ca4b174\" data-element_type=\"widget\" data-widget_type=\"spacer.default\">\n\t\t\t\t\t\t\t<div class=\"elementor-spacer\">\n\t\t\t<div class=\"elementor-spacer-inner\"><\/div>\n\t\t<\/div>\n\t\t\t\t\t\t<\/div>\n\t\t\t\t\t<\/div>\n\t\t<\/div>\n\t\t\t\t\t<\/div>\n\t\t<\/section>\n\t\t\t\t<\/div>","protected":false},"excerpt":{"rendered":"<p>D\u00e9couvrez l&rsquo;histoire de la naissance de \u00ab\u00a0La Grange de Perbost, une petite exploitation de CBD et de poules pondeuses<\/p>","protected":false},"author":1,"featured_media":1774,"parent":0,"menu_order":0,"comment_status":"closed","ping_status":"closed","template":"","meta":{"inline_featured_image":false,"footnotes":""},"class_list":["post-198","page","type-page","status-publish","has-post-thumbnail","hentry"],"_links":{"self":[{"href":"https:\/\/lagrangedeperbost.fr\/en\/wp-json\/wp\/v2\/pages\/198","targetHints":{"allow":["GET"]}}],"collection":[{"href":"https:\/\/lagrangedeperbost.fr\/en\/wp-json\/wp\/v2\/pages"}],"about":[{"href":"https:\/\/lagrangedeperbost.fr\/en\/wp-json\/wp\/v2\/types\/page"}],"author":[{"embeddable":true,"href":"https:\/\/lagrangedeperbost.fr\/en\/wp-json\/wp\/v2\/users\/1"}],"replies":[{"embeddable":true,"href":"https:\/\/lagrangedeperbost.fr\/en\/wp-json\/wp\/v2\/comments?post=198"}],"version-history":[{"count":108,"href":"https:\/\/lagrangedeperbost.fr\/en\/wp-json\/wp\/v2\/pages\/198\/revisions"}],"predecessor-version":[{"id":2343,"href":"https:\/\/lagrangedeperbost.fr\/en\/wp-json\/wp\/v2\/pages\/198\/revisions\/2343"}],"wp:featuredmedia":[{"embeddable":true,"href":"https:\/\/lagrangedeperbost.fr\/en\/wp-json\/wp\/v2\/media\/1774"}],"wp:attachment":[{"href":"https:\/\/lagrangedeperbost.fr\/en\/wp-json\/wp\/v2\/media?parent=198"}],"curies":[{"name":"wp","href":"https:\/\/api.w.org\/{rel}","templated":true}]}}