{"id":938,"date":"2024-06-02T16:11:42","date_gmt":"2024-06-02T14:11:42","guid":{"rendered":"https:\/\/lagrangedeperbost.fr\/?page_id=938"},"modified":"2024-06-02T16:25:34","modified_gmt":"2024-06-02T14:25:34","slug":"politique-de-confidentialite","status":"publish","type":"page","link":"https:\/\/lagrangedeperbost.fr\/en\/politique-de-confidentialite\/","title":{"rendered":"Politique de confidentialit\u00e9"},"content":{"rendered":"<h2 class=\"wp-block-heading\">Qui sommes-nous&nbsp;?<\/h2>\n\n\n\n<ul class=\"wp-block-list\">\n<li>Nom de l&rsquo;entreprise : La Grange de Perbost<\/li>\n\n\n\n<li>Dirigeant : Benjamin Slinger<\/li>\n\n\n\n<li>Siret : 98488586300014<\/li>\n\n\n\n<li>TVA : FR62984885863<\/li>\n\n\n\n<li>Forme juridique : Entrepreneur individuel<\/li>\n\n\n\n<li>Site Web\u00a0: https:\/\/lagrangedeperbost.fr.<\/li>\n<\/ul>\n\n\n\n<h2 class=\"wp-block-heading\">Cookies<\/h2>\n\n\n\n<p>Si vous vous rendez sur la page de connexion, un cookie temporaire sera cr\u00e9\u00e9 afin de d\u00e9terminer si votre navigateur accepte les cookies. Il ne contient pas de donn\u00e9es personnelles et sera supprim\u00e9 automatiquement \u00e0 la fermeture de votre navigateur.<\/p>\n\n\n\n<p>Lorsque vous vous connecterez, nous mettrons en place un certain nombre de cookies pour enregistrer vos informations de connexion et vos pr\u00e9f\u00e9rences d\u2019\u00e9cran. La dur\u00e9e de vie d\u2019un cookie de connexion est de deux jours, celle d\u2019un cookie d\u2019option d\u2019\u00e9cran est d\u2019un an. Si vous cochez \u00ab\u00a0Se souvenir de moi\u00a0\u00bb, votre cookie de connexion sera conserv\u00e9 pendant deux semaines. Si vous vous d\u00e9connectez de votre compte, le cookie de connexion sera effac\u00e9.<\/p>\n\n\n\n<h2 class=\"wp-block-heading\">Utilisation de l\u2019information<\/h2>\n\n\n\n<p>Nous sommes susceptibles d\u2019utiliser vos informations pour les fins suivantes :<\/p>\n\n\n\n<ul class=\"wp-block-list\">\n<li>pour fournir et exploiter nos services ;<\/li>\n\n\n\n<li>pour d\u00e9velopper, personnaliser et am\u00e9liorer nos services ;<\/li>\n\n\n\n<li>pour r\u00e9pondre \u00e0 vos retours, demandes et requ\u00eates et pour vous fournir une assistance ;<\/li>\n\n\n\n<li>\u00e0 d\u2019autres fins internes, statistiques et de recherche ;<\/li>\n\n\n\n<li>pour les e-mails promotionnels, vous pouvez choisir de continuer \u00e0 les recevoir. Sinon, il suffit de cliquer sur le lien de d\u00e9sabonnement figurant dans ces e-mails.<\/li>\n<\/ul>\n\n\n\n<h2 class=\"wp-block-heading\">Utilisation et transmission de vos donn\u00e9es personnelles<\/h2>\n\n\n\n<p>Si vous demandez une r\u00e9initialisation de votre mot de passe, votre adresse IP sera incluse dans l\u2019e-mail de r\u00e9initialisation.<\/p>\n\n\n\n<h2 class=\"wp-block-heading\">Dur\u00e9es de stockage de vos donn\u00e9es<\/h2>\n\n\n\n<p>Pour les comptes qui s\u2019inscrivent sur notre site (le cas \u00e9ch\u00e9ant), nous stockons \u00e9galement les donn\u00e9es personnelles indiqu\u00e9es dans leur profil. Tous les comptes peuvent voir, modifier ou supprimer leurs informations personnelles \u00e0 tout moment (\u00e0 l\u2019exception de leur identifiant). Les gestionnaires du site peuvent aussi voir et modifier ces informations.<\/p>\n\n\n\n<h2 class=\"wp-block-heading\">Les droits que vous avez sur vos donn\u00e9es<\/h2>\n\n\n\n<p>Si vous avez un compte vous pouvez demander \u00e0 recevoir un fichier contenant toutes les donn\u00e9es personnelles que nous poss\u00e9dons \u00e0 votre sujet, incluant celles que vous nous avez fournies. Vous pouvez \u00e9galement demander la suppression des donn\u00e9es personnelles vous concernant. Cela ne prend pas en compte les donn\u00e9es stock\u00e9es \u00e0 des fins administratives, l\u00e9gales ou pour des raisons de s\u00e9curit\u00e9.<\/p>","protected":false},"excerpt":{"rendered":"<p>Qui sommes-nous&nbsp;? Cookies Si vous vous rendez sur la page de connexion, un cookie temporaire sera cr\u00e9\u00e9 afin de d\u00e9terminer si votre navigateur accepte les cookies. Il ne contient pas de donn\u00e9es personnelles et sera supprim\u00e9 automatiquement \u00e0 la fermeture de votre navigateur. Lorsque vous vous connecterez, nous mettrons en place un certain nombre de [&hellip;]<\/p>","protected":false},"author":1,"featured_media":0,"parent":0,"menu_order":0,"comment_status":"closed","ping_status":"closed","template":"","meta":{"inline_featured_image":false,"footnotes":""},"class_list":["post-938","page","type-page","status-publish","hentry"],"_links":{"self":[{"href":"https:\/\/lagrangedeperbost.fr\/en\/wp-json\/wp\/v2\/pages\/938","targetHints":{"allow":["GET"]}}],"collection":[{"href":"https:\/\/lagrangedeperbost.fr\/en\/wp-json\/wp\/v2\/pages"}],"about":[{"href":"https:\/\/lagrangedeperbost.fr\/en\/wp-json\/wp\/v2\/types\/page"}],"author":[{"embeddable":true,"href":"https:\/\/lagrangedeperbost.fr\/en\/wp-json\/wp\/v2\/users\/1"}],"replies":[{"embeddable":true,"href":"https:\/\/lagrangedeperbost.fr\/en\/wp-json\/wp\/v2\/comments?post=938"}],"version-history":[{"count":1,"href":"https:\/\/lagrangedeperbost.fr\/en\/wp-json\/wp\/v2\/pages\/938\/revisions"}],"predecessor-version":[{"id":969,"href":"https:\/\/lagrangedeperbost.fr\/en\/wp-json\/wp\/v2\/pages\/938\/revisions\/969"}],"wp:attachment":[{"href":"https:\/\/lagrangedeperbost.fr\/en\/wp-json\/wp\/v2\/media?parent=938"}],"curies":[{"name":"wp","href":"https:\/\/api.w.org\/{rel}","templated":true}]}}