{"id":1457,"date":"2025-01-14T12:16:33","date_gmt":"2025-01-14T11:16:33","guid":{"rendered":"https:\/\/lagrangedeperbost.fr\/?post_type=product&#038;p=1457"},"modified":"2026-01-23T10:18:24","modified_gmt":"2026-01-23T09:18:24","slug":"chocolat-chaud-au-cbd","status":"publish","type":"product","link":"https:\/\/lagrangedeperbost.fr\/en\/product\/chocolat-chaud-au-cbd\/","title":{"rendered":"Chocolat chaud au chanvre"},"content":{"rendered":"<h4 align=\"center\">Un Chocolat Chaud Aux Saveurs V\u00e9g\u00e9tales De Chanvre<\/h4>\n<p style=\"text-align: left;\">Notre m\u00e9lange offre une exp\u00e9rience gustative unique et reposante. Le chanvre est cultiv\u00e9 sous le soleil ard\u00e9chois dans un petit hameau de montagne. Il est r\u00e9colt\u00e9 \u00e0 la main et avec soin, ce qui lui donne ses ar\u00f4mes et ses bienfaits. Le contenu de la fiole a \u00e9t\u00e9 r\u00e9fl\u00e9chi et les ingr\u00e9dients proportionn\u00e9 pour vous offrir cette exp\u00e9rience gustative enivrante.<\/p>\n<p>&nbsp;<\/p>\n<p>&nbsp;<\/p>\n<div class=\"aux-row aux-col2 aux-tb-col1 aux-mb-col1\">\n<div class=\"aux-col\">\n<h5>La Recette Pour Un Chocolat Chaud R\u00e9ussi<\/h5>\n<ol>\n<li>Chauffer 250ml de lait entier ou lait v\u00e9g\u00e9tal issu d&rsquo;ol\u00e9agineux<\/li>\n<li>Mettre un infuseur en inox dans une grande tasse<\/li>\n<li>Verser le contenu de l&rsquo;\u00e9prouvette dans l&rsquo;infuseur<\/li>\n<li>Verser le lait chaud par dessus<\/li>\n<li>Bien m\u00e9langer et laisser infuser 3 MIN<\/li>\n<li>D\u00e9guster !<\/li>\n<\/ol>\n<\/div>\n<div class=\"aux-col\">\n<img decoding=\"async\" src=\"https:\/\/lagrangedeperbost.fr\/wp-content\/uploads\/2025\/01\/etiquette-chocolat-chaud-noir.png\" alt=\"\" \/><\/p>\n<\/div>\n<\/div>","protected":false},"excerpt":{"rendered":"<p class=\"aux-modern-heading-primary\">M\u00e9lange pour pr\u00e9parer une tasse de chocolat chaud au CBD de 250ml<\/p>","protected":false},"featured_media":2160,"comment_status":"open","ping_status":"closed","template":"","meta":{"inline_featured_image":false},"product_brand":[],"product_cat":[15],"product_tag":[74],"class_list":{"0":"post-1457","1":"product","2":"type-product","3":"status-publish","4":"has-post-thumbnail","6":"product_cat-cbd","7":"product_tag-chocolat-chaud-au-chanvre","8":"product_shipping_class-lettre-verte","10":"first","11":"instock","12":"taxable","13":"shipping-taxable","14":"purchasable","15":"product-type-simple"},"_links":{"self":[{"href":"https:\/\/lagrangedeperbost.fr\/en\/wp-json\/wp\/v2\/product\/1457","targetHints":{"allow":["GET"]}}],"collection":[{"href":"https:\/\/lagrangedeperbost.fr\/en\/wp-json\/wp\/v2\/product"}],"about":[{"href":"https:\/\/lagrangedeperbost.fr\/en\/wp-json\/wp\/v2\/types\/product"}],"replies":[{"embeddable":true,"href":"https:\/\/lagrangedeperbost.fr\/en\/wp-json\/wp\/v2\/comments?post=1457"}],"wp:featuredmedia":[{"embeddable":true,"href":"https:\/\/lagrangedeperbost.fr\/en\/wp-json\/wp\/v2\/media\/2160"}],"wp:attachment":[{"href":"https:\/\/lagrangedeperbost.fr\/en\/wp-json\/wp\/v2\/media?parent=1457"}],"wp:term":[{"taxonomy":"product_brand","embeddable":true,"href":"https:\/\/lagrangedeperbost.fr\/en\/wp-json\/wp\/v2\/product_brand?post=1457"},{"taxonomy":"product_cat","embeddable":true,"href":"https:\/\/lagrangedeperbost.fr\/en\/wp-json\/wp\/v2\/product_cat?post=1457"},{"taxonomy":"product_tag","embeddable":true,"href":"https:\/\/lagrangedeperbost.fr\/en\/wp-json\/wp\/v2\/product_tag?post=1457"}],"curies":[{"name":"wp","href":"https:\/\/api.w.org\/{rel}","templated":true}]}}