{"id":1486,"date":"2025-01-15T17:40:57","date_gmt":"2025-01-15T16:40:57","guid":{"rendered":"https:\/\/lagrangedeperbost.fr\/?post_type=product&#038;p=1486"},"modified":"2026-01-23T10:18:24","modified_gmt":"2026-01-23T09:18:24","slug":"fleurs-chanvre-northwest","status":"publish","type":"product","link":"https:\/\/lagrangedeperbost.fr\/en\/product\/fleurs-chanvre-northwest\/","title":{"rendered":"Fleurs de chanvre Northwest"},"content":{"rendered":"<h4 align=\"center\">Un produit artisanal, exceptionnel et totalement l\u00e9gal<\/h4>\n<p style=\"text-align: left;\">En choisissant le chanvre de la Grange de Perbost, vous pouvez \u00eatre s\u00fbr d&rsquo;avoir des fleurs de chanvre 100% naturelles, l\u00e9gales, fran\u00e7aises et venant d&rsquo;une petite entreprise familiale. Les fleurs de chanvre Northwest se distinguent par leur <strong>ar\u00f4me floral, \u00e9pic\u00e9, fruit\u00e9 et sucr\u00e9<\/strong>, offrant une exp\u00e9rience sensorielle unique. Leur <strong>go\u00fbt subtil et doux<\/strong> en fait un choix populaire pour ceux qui cherchent un moment de d\u00e9tente agr\u00e9able.<\/p>\n<p>&nbsp;<\/p>\n<div class=\"aux-row aux-col3 aux-tb-col2 aux-mb-col1\">\n<div class=\"aux-col\">\n<h5>100% l\u00e9gal<\/h5>\n<p style=\"text-align: left;\">Toutes nos semences sont inscrites au catalogue Europ\u00e9en et nous faisons tester notre production aupr\u00e8s du laboratoire ianesco pour s&rsquo;assurer que notre taux de THC est inf\u00e9rieur \u00e0 0,2 %.<\/p>\n<\/div>\n<div class=\"aux-col\">\n<h5 class=\"aux-modern-heading-primary\">100% naturel<\/h5>\n<p style=\"text-align: left;\">Nous n&rsquo;utilisons pas d&rsquo;engrais chimique : seulement de l&rsquo;eau de source, du fumier de poule, du purin d&rsquo;ortie et un peu de potassium bio !<\/p>\n<\/div>\n<div class=\"aux-col\">\n<h5 class=\"aux-modern-heading-primary\">100% fran\u00e7ais<\/h5>\n<p style=\"text-align: left;\">Nos plantes de chanvre poussent sous le soleil Ard\u00e9chois dans une serre de 50 m\u00e8tres carr\u00e9s. Nous s\u00e8chons et mettons en bocaux les fleurs directement sur l&rsquo;exploitation.<\/p>\n<\/div>\n<\/div>","protected":false},"excerpt":{"rendered":"<p class=\"aux-modern-heading-primary\">Fleurs de chanvre Northwest aux ar\u00f4me floral, \u00e9pic\u00e9, fruit\u00e9 et sucr\u00e9<\/p>","protected":false},"featured_media":1817,"comment_status":"open","ping_status":"closed","template":"","meta":{"inline_featured_image":false},"product_brand":[],"product_cat":[15],"product_tag":[71],"class_list":{"0":"post-1486","1":"product","2":"type-product","3":"status-publish","4":"has-post-thumbnail","6":"product_cat-cbd","7":"product_tag-fleurs-de-chanvre","9":"first","10":"instock","11":"taxable","12":"shipping-taxable","13":"purchasable","14":"product-type-variable"},"_links":{"self":[{"href":"https:\/\/lagrangedeperbost.fr\/en\/wp-json\/wp\/v2\/product\/1486","targetHints":{"allow":["GET"]}}],"collection":[{"href":"https:\/\/lagrangedeperbost.fr\/en\/wp-json\/wp\/v2\/product"}],"about":[{"href":"https:\/\/lagrangedeperbost.fr\/en\/wp-json\/wp\/v2\/types\/product"}],"replies":[{"embeddable":true,"href":"https:\/\/lagrangedeperbost.fr\/en\/wp-json\/wp\/v2\/comments?post=1486"}],"wp:featuredmedia":[{"embeddable":true,"href":"https:\/\/lagrangedeperbost.fr\/en\/wp-json\/wp\/v2\/media\/1817"}],"wp:attachment":[{"href":"https:\/\/lagrangedeperbost.fr\/en\/wp-json\/wp\/v2\/media?parent=1486"}],"wp:term":[{"taxonomy":"product_brand","embeddable":true,"href":"https:\/\/lagrangedeperbost.fr\/en\/wp-json\/wp\/v2\/product_brand?post=1486"},{"taxonomy":"product_cat","embeddable":true,"href":"https:\/\/lagrangedeperbost.fr\/en\/wp-json\/wp\/v2\/product_cat?post=1486"},{"taxonomy":"product_tag","embeddable":true,"href":"https:\/\/lagrangedeperbost.fr\/en\/wp-json\/wp\/v2\/product_tag?post=1486"}],"curies":[{"name":"wp","href":"https:\/\/api.w.org\/{rel}","templated":true}]}}