{"id":1496,"date":"2025-01-16T11:47:03","date_gmt":"2025-01-16T10:47:03","guid":{"rendered":"https:\/\/lagrangedeperbost.fr\/?post_type=product&#038;p=1496"},"modified":"2026-01-23T10:01:23","modified_gmt":"2026-01-23T09:01:23","slug":"fleurs-chanvre-kompolti","status":"publish","type":"product","link":"https:\/\/lagrangedeperbost.fr\/en\/product\/fleurs-chanvre-kompolti\/","title":{"rendered":"Fleurs de chanvre Kompolti"},"content":{"rendered":"<h4 align=\"center\">Un produit artisanal, exceptionnel et totalement l\u00e9gal<\/h4>\n<p style=\"text-align: left;\">En choisissant le chanvre de la Grange de Perbost, vous pouvez \u00eatre s\u00fbr d&rsquo;avoir des fleurs de chanvre 100% naturelles, l\u00e9gales, fran\u00e7aises et venant d&rsquo;une petite entreprise familiale. Les fleurs de Kompolti offrent un <strong>parfum d\u00e9licat de pins et de terre<\/strong>, avec des notes subtiles de <strong>c\u00e8dre et de citron<\/strong>. Leur <strong>saveur douce et bois\u00e9e<\/strong> est compl\u00e9t\u00e9e par une touche l\u00e9g\u00e8rement <strong>poivr\u00e9e<\/strong>, id\u00e9ale pour une d\u00e9tente naturelle.<\/p>\n<p>&nbsp;<\/p>\n<div class=\"aux-row aux-col3 aux-tb-col2 aux-mb-col1\">\n<div class=\"aux-col\">\n<h5>100% l\u00e9gal<\/h5>\n<p style=\"text-align: left;\">Toutes nos semences sont inscrites au catalogue Europ\u00e9en et nous faisons tester notre production aupr\u00e8s du laboratoire ianesco pour s&rsquo;assurer que notre taux de THC est inf\u00e9rieur \u00e0 0,3 %.<\/p>\n<\/div>\n<div class=\"aux-col\">\n<h5 class=\"aux-modern-heading-primary\">100% naturel<\/h5>\n<p style=\"text-align: left;\">Nous n&rsquo;utilisons pas d&rsquo;engrais chimique : seulement de l&rsquo;eau de source, du fumier de poule, du purin d&rsquo;ortie et un peu de potassium bio !<\/p>\n<\/div>\n<div class=\"aux-col\">\n<h5 class=\"aux-modern-heading-primary\">100% fran\u00e7ais<\/h5>\n<p style=\"text-align: left;\">Nos plantes de chanvre poussent sous le soleil Ard\u00e9chois dans une serre de 50 m\u00e8tres carr\u00e9s. Nous s\u00e8chons et mettons en bocaux les fleurs directement sur l&rsquo;exploitation.<\/p>\n<\/div>\n<\/div>","protected":false},"excerpt":{"rendered":"<p class=\"aux-modern-heading-primary\">Fleurs de chanvre Kompolti aux <strong>parfum d\u00e9licat de pins et de terre<\/strong>, avec des notes subtiles de <strong>c\u00e8dre et de citron<\/strong><\/p>","protected":false},"featured_media":1816,"comment_status":"open","ping_status":"closed","template":"","meta":{"inline_featured_image":false},"product_brand":[],"product_cat":[15],"product_tag":[71],"class_list":{"0":"post-1496","1":"product","2":"type-product","3":"status-publish","4":"has-post-thumbnail","6":"product_cat-cbd","7":"product_tag-fleurs-de-chanvre","9":"first","10":"instock","11":"taxable","12":"shipping-taxable","13":"purchasable","14":"product-type-variable"},"_links":{"self":[{"href":"https:\/\/lagrangedeperbost.fr\/en\/wp-json\/wp\/v2\/product\/1496","targetHints":{"allow":["GET"]}}],"collection":[{"href":"https:\/\/lagrangedeperbost.fr\/en\/wp-json\/wp\/v2\/product"}],"about":[{"href":"https:\/\/lagrangedeperbost.fr\/en\/wp-json\/wp\/v2\/types\/product"}],"replies":[{"embeddable":true,"href":"https:\/\/lagrangedeperbost.fr\/en\/wp-json\/wp\/v2\/comments?post=1496"}],"wp:featuredmedia":[{"embeddable":true,"href":"https:\/\/lagrangedeperbost.fr\/en\/wp-json\/wp\/v2\/media\/1816"}],"wp:attachment":[{"href":"https:\/\/lagrangedeperbost.fr\/en\/wp-json\/wp\/v2\/media?parent=1496"}],"wp:term":[{"taxonomy":"product_brand","embeddable":true,"href":"https:\/\/lagrangedeperbost.fr\/en\/wp-json\/wp\/v2\/product_brand?post=1496"},{"taxonomy":"product_cat","embeddable":true,"href":"https:\/\/lagrangedeperbost.fr\/en\/wp-json\/wp\/v2\/product_cat?post=1496"},{"taxonomy":"product_tag","embeddable":true,"href":"https:\/\/lagrangedeperbost.fr\/en\/wp-json\/wp\/v2\/product_tag?post=1496"}],"curies":[{"name":"wp","href":"https:\/\/api.w.org\/{rel}","templated":true}]}}